{"id":597,"date":"2021-02-01T15:57:14","date_gmt":"2021-02-01T15:57:14","guid":{"rendered":"http:\/\/fumigania.com\/?page_id=597"},"modified":"2021-02-01T20:07:36","modified_gmt":"2021-02-01T20:07:36","slug":"manejo-integral-de-plagas","status":"publish","type":"page","link":"https:\/\/fumigania.com\/?page_id=597","title":{"rendered":"MANEJO INTEGRAL DE PLAGAS"},"content":{"rendered":"\t\t<div data-elementor-type=\"wp-page\" data-elementor-id=\"597\" class=\"elementor elementor-597\" data-elementor-settings=\"[]\">\n\t\t\t<div class=\"elementor-inner\">\n\t\t\t\t<div class=\"elementor-section-wrap\">\n\t\t\t\t\t\t\t<section class=\"elementor-element elementor-element-a9bf172 elementor-section-boxed elementor-section-height-default elementor-section-height-default elementor-section elementor-top-section\" data-id=\"a9bf172\" data-element_type=\"section\">\n\t\t\t\t\t\t<div class=\"elementor-container elementor-column-gap-default\">\n\t\t\t\t<div class=\"elementor-row\">\n\t\t\t\t<div class=\"elementor-element elementor-element-7932187 elementor-column elementor-col-100 elementor-top-column\" data-id=\"7932187\" data-element_type=\"column\">\n\t\t\t<div class=\"elementor-column-wrap  elementor-element-populated\">\n\t\t\t\t\t<div class=\"elementor-widget-wrap\">\n\t\t\t\t<div class=\"elementor-element elementor-element-fbddbf0 elementor-widget elementor-widget-heading\" data-id=\"fbddbf0\" data-element_type=\"widget\" data-widget_type=\"heading.default\">\n\t\t\t\t<div class=\"elementor-widget-container\">\n\t\t\t<h2 class=\"elementor-heading-title elementor-size-default\">manejo integral de plagas:<\/h2>\t\t<\/div>\n\t\t\t\t<\/div>\n\t\t\t\t<div class=\"elementor-element elementor-element-d9fd561 elementor-widget elementor-widget-text-editor\" data-id=\"d9fd561\" data-element_type=\"widget\" data-widget_type=\"text-editor.default\">\n\t\t\t\t<div class=\"elementor-widget-container\">\n\t\t\t\t\t<div class=\"elementor-text-editor elementor-clearfix\"><p><span style=\"color: #534741; font-family: rosario, sans-serif; font-size: 15px; text-align: justify;\">En el pasado lo primero era, aplicar medidas qu\u00edmicas. Ahora el control de plagas ha evolucionado al&nbsp;<\/span><span style=\"font-weight: bold; color: #534741; font-family: rosario, sans-serif; font-size: 15px; text-align: justify;\">MANEJO INTEGRADO DE PLAGAS.<\/span><\/p>\n<p style=\"margin-bottom: 0px; transform-origin: left top; background-repeat: no-repeat; max-height: 1e+06px; color: #534741; font-family: rosario, sans-serif; font-size: 15px; text-align: justify; border: 0px solid transparent;\">El Manejo Integrado de Plagas (MIP) implica mejoras sustanciales con referencia a los tradicionales m\u00e9todos de control en los que s\u00f3lo se pensaba en medidas qu\u00edmicas proporcionadas por la compa\u00f1\u00eda de exterminio.<\/p>\n<p style=\"margin-bottom: 0px; transform-origin: left top; background-repeat: no-repeat; max-height: 1e+06px; color: #534741; font-family: rosario, sans-serif; font-size: 15px; text-align: justify; border: 0px solid transparent;\">\n<\/p><p style=\"margin-bottom: 0px; transform-origin: left top; background-repeat: no-repeat; max-height: 1e+06px; color: #534741; font-family: rosario, sans-serif; font-size: 15px; text-align: justify; border: 0px solid transparent;\">&nbsp; &nbsp;&nbsp;<\/p>\n<p style=\"margin-bottom: 0px; transform-origin: left top; background-repeat: no-repeat; max-height: 1e+06px; color: #534741; font-family: rosario, sans-serif; font-size: 15px; text-align: justify; border: 0px solid transparent;\">\n<\/p><\/div>\n\t\t\t\t<\/div>\n\t\t\t\t<\/div>\n\t\t\t\t<div class=\"elementor-element elementor-element-88e15e4 elementor-widget elementor-widget-image\" data-id=\"88e15e4\" data-element_type=\"widget\" data-widget_type=\"image.default\">\n\t\t\t\t<div class=\"elementor-widget-container\">\n\t\t\t\t\t<div class=\"elementor-image\">\n\t\t\t\t\t\t\t\t\t\t<img loading=\"lazy\" decoding=\"async\" width=\"294\" height=\"203\" src=\"https:\/\/fumigania.com\/wp-content\/uploads\/2021\/02\/maquinas-antiguas1.jpg\" class=\"attachment-medium size-medium\" alt=\"\" \/>\t\t\t\t\t\t\t\t\t\t\t<\/div>\n\t\t\t\t<\/div>\n\t\t\t\t<\/div>\n\t\t\t\t<div class=\"elementor-element elementor-element-f91a24e elementor-widget elementor-widget-text-editor\" data-id=\"f91a24e\" data-element_type=\"widget\" data-widget_type=\"text-editor.default\">\n\t\t\t\t<div class=\"elementor-widget-container\">\n\t\t\t\t\t<div class=\"elementor-text-editor elementor-clearfix\"><p>&nbsp;Los T\u00e9cnicos de Fumigania, primero realiza una evaluaci\u00f3n de los factores de riesgo estructurales (paredes, grietas, etc.) y se advierte al cliente de la necesaria vigilancia y\/o reparaci\u00f3n de algunos puntos para que este tome medidas al respecto.<\/p>\n<p>Con estas medidas, en lo que a calidad de servicio y protecci\u00f3n al medio ambiente significa, se nos permite utilizar menores cantidades de productos, que a su vez son m\u00e1s eficaces y mejores.<\/p>\n<p><\/p>\n<p>&nbsp;&nbsp;&nbsp;&nbsp; El aplicador profesional de Fumigania,&nbsp;aplicar\u00e1 las dosis necesarias en los puntos claves de las \u00e1reas a tratar, efectuando tratamientos limpios y sin olores en la mayor\u00eda de los casos.<\/p>\n<div id=\"u3278-4\" class=\"clearfix colelem\" data-muse-uid=\"U3278\" data-muse-type=\"txt_frame\" data-ibe-flags=\"txtStyleSrc\">\n<h3><span id=\"u3278\"><b>EL MANEJO INTEGRADO DE PLAGAS SE DIVIDE EN:<\/b><\/span><\/h3>\n<\/div>\n<div id=\"u3281-4\" class=\"clearfix colelem\" data-muse-uid=\"U3281\" data-muse-type=\"txt_frame\" data-ibe-flags=\"txtStyleSrc\">\n<h5><span id=\"u3281\">A) MEDIDAS F\u00cdSICAS<\/span><\/h5>\n<\/div>\n<div id=\"u3284-29\" class=\"clearfix colelem\" data-muse-uid=\"U3284\" data-muse-type=\"txt_frame\" data-ibe-flags=\"txtStyleSrc\">\n<p>Son aquellas medidas destinadas a subsanar peque\u00f1os defectos, en la que es fundamental la colaboraci\u00f3n del Cliente:<\/p>\n<p><\/p>\n<p>1) Reparar agujeros en paredes y suelos.<\/p>\n<p><\/p>\n<p>2) Reparar arquetas y desag\u00fces en general.<\/p>\n<p><\/p>\n<p>3) Se deben reponer aquellas tapas de desag\u00fces que falten e instruir al personal para que no deje ninguna arqueta o desag\u00fce sin tapar. Esta operaci\u00f3n hay que efectuarla todos los d\u00edas una vez finalizadas las tareas de limpieza.<\/p>\n<p><\/p>\n<p>4) Hay que colocar pantallas de tela mosquitera en todas aquellas ventanas que se abran al exterior y reparar las ya existentes. Asimismo es conveniente colocar rejillas de acero galvanizado de 1mm de di\u00e1metro en todos los respiraderos.<\/p>\n<p><\/p>\n<p>5) En aquellas puertas que den al exterior y que por motivos de trabajo necesiten permanecer abiertas, deben colocarse tiras de pl\u00e1stico o automatizar su funcionamiento de tal forma que eviten la entrada de roedores e insectos.<\/p>\n<p><\/p>\n<p>6) En las puertas que no cierren perfectamente se deber\u00e1 instalar un quitafr\u00edos que tape la abertura.<\/p>\n<p><\/p>\n<p>7) Procurar no almacenar objetos en contacto con las paredes, dejando un espacio que permita su limpieza y tratamiento.<\/p>\n<p><\/p>\n<p>8) Extremar la limpieza prestando especial atenci\u00f3n a los rincones en general y zonas de almac\u00e9n.<\/p>\n<p><\/p>\n<\/div>\n<div id=\"u3287-4\" class=\"clearfix colelem\" data-muse-uid=\"U3287\" data-muse-type=\"txt_frame\" data-ibe-flags=\"txtStyleSrc\">\n<h4><span id=\"u3287\">B) MEDIDAS PROFESIONALES DE TRATAMIENTO Y\/O MONITOREO<\/span><\/h4>\n<\/div>\n<div id=\"u3288-7\" class=\"clearfix colelem\" data-muse-uid=\"U3288\" data-muse-type=\"txt_frame\" data-ibe-flags=\"txtStyleSrc\">\n<p>Son las que proporciona nuestra Compa\u00f1\u00eda a trav\u00e9s de la utilizaci\u00f3n de productos especiales, autorizados incluso para tratamientos en la industria alimentaria (tecnicismo mediante el cual se designa a aquellos productos que cumplen las m\u00e1s estrictas normas de seguridad) y que son aplicados por personal profesional altamente cualificado, con su correspondiente carnet de aplicador DDD, que lo faculta para realizar este tipo de trabajo.<\/p>\n<p><\/p>\n<p>&nbsp; Hemos desarrollado procedimientos espec\u00edficos para cada tipo de cliente. De tal forma que nuestros clientes reciben un servicio dise\u00f1ado a la medida. Sin embargo, todos nuestros servicios se efect\u00faan bajo las bases del Manejo Integrado de Plagas (MIP).<\/p>\n<div id=\"u3442-4\" class=\"clearfix colelem\" data-muse-uid=\"U3442\" data-muse-type=\"txt_frame\" data-ibe-flags=\"txtStyleSrc\">\n<p><span id=\"u3442\"><b>EN RESUMEN, EL MIP CUENTA CON LAS SIGUIENTES CARACTER\u00cdSTICAS<\/b><\/span><\/p>\n<\/div>\n<div id=\"u3061-24\" class=\"clearfix colelem\" data-muse-uid=\"U3061\" data-muse-type=\"txt_frame\" data-ibe-flags=\"txtStyleSrc\">\n<ul id=\"u3061-11\" class=\"list0 nls-None\">\n<li>Inspecci\u00f3n del lugar<\/li>\n<li>Toma de las medidas pasivas necesarias para evitar la entrada y\/o proliferaci\u00f3n de vectores.<\/li>\n<li>Aplicaci\u00f3n de m\u00e9todos no qu\u00edmicos.<\/li>\n<li>Aplicaci\u00f3n de m\u00e9todos qu\u00edmicos.<\/li>\n<li>Monitoreo y evaluaci\u00f3n de resultados.<\/li>\n<\/ul>\n<p>Para lograr ser efectivos (tener buenos resultados en el control) y competitivos, Fumigania involucra a sus clientes en el MIP.<\/p>\n<p><\/p>\n<p>Siendo que el cliente juega un papel importante en la ejecuci\u00f3n de un programa MIP en sus instalaciones.<\/p>\n<p><\/p>\n<p>Fumigania debe ser considerado como un SOCIO EN PROTECCI\u00d3N m\u00e1s que como un simple \u201cfumigador.<\/p>\n<p id=\"u3475-2\">En un programa de MIP bien integrado, fumigania desarrolla el programa (incluyendo calendario de actividades y productos a utilizarse), supervisa el programa, y eval\u00faa los resultados del programa.<\/p>\n<h3>CONTROL DE CALIDAD<\/h3>\n<p id=\"u3475-7\">\n<\/p><p id=\"u3475-9\">Nuestros servicios incluyen un control de calidad que consiste en:<\/p>\n<p id=\"u3475-10\">\n<\/p><p id=\"u3475-12\">1. INSPECCIONES PERIODICAS COMPLETAS, de sus instalaciones e identificaci\u00f3n de los problemas de plagas y riesgos potenciales.<\/p>\n<div id=\"u3508-7\" class=\"clearfix colelem\" data-muse-uid=\"U3508\" data-muse-type=\"txt_frame\" data-ibe-flags=\"txtStyleSrc\">\n<p>2. CERTIFICADOS: Se expedir\u00e1n los certificados correspondientes a los servicios prestados, donde se detallaran los nombres comerciales de los productos utilizados, principios activos y registros sanitarios correspondientes, as\u00ed como las t\u00e9cnicas empleadas.<\/p>\n<p><\/p>\n<p>3. LLAMADAS DE EMERGENCIA: Posibilidad de realizar llamadas de emergencia ilimitadas.<\/p>\n<p>4. PARTE DE INCIDENCIAS: Informe t\u00e9cnico en el que informamos puntualmente de las incidencias registradas durante la realizaci\u00f3n de cada tratamiento, as\u00ed como las medidas correctoras oportunas.<\/p>\n<p><\/p>\n<p>5. PLANO DE CEBOS: En un plano de sus instalaciones, se se\u00f1alan los lugares de ubicaci\u00f3n de los cebaderos y cebos, as\u00ed como las superficies donde se aplicaron los productos insecticidas. (El plano bajo debe ser suministrado por el cliente).<\/p>\n<p><\/p>\n<p>6. INSPECCIONES: Nuestro Director T\u00e9cnico realizar\u00e1, con la frecuencia que t\u00e9cnicamente considere adecuada, visitas de inspecci\u00f3n. Su funci\u00f3n es comprobar que los tratamientos se est\u00e1n realizando de forma correcta y poder en caso contrario tomar las medidas oportunas que mejoren la calidad de nuestros servicios. Remitiremos un informe con el resultado de dichas inspecciones.<\/p>\n<div id=\"u3591-4\" class=\"clearfix colelem\" data-muse-uid=\"U3591\" data-muse-type=\"txt_frame\" data-ibe-flags=\"txtStyleSrc\">\n<h3><span id=\"u3591\">SERVICIO DE PROTECCI\u00d3N DE PLAGAS<\/span><\/h3>\n<\/div>\n<div id=\"u3588-10\" class=\"clearfix colelem\" data-muse-uid=\"U3588\" data-muse-type=\"txt_frame\" data-ibe-flags=\"txtStyleSrc\">\n<p>Las plagas suponen un riesgo para todos los negocios. Contrate el Servicio de Prevenci\u00f3n de Plagas de Fumigania y empiece a disfrutar de la tranquilidad que s\u00f3lo le puede ofrecer un servicio de calidad coherente y de supervisi\u00f3n peri\u00f3dica.<\/p>\n<p><\/p>\n<p>Nuestro cualificado servicio t\u00e9cnico estudiar\u00e1 su negocio (ya tienen experiencia en otras operaciones similares) y efectuar\u00e1 visitas peri\u00f3dicas a lo largo del a\u00f1o.<\/p>\n<p><\/p>\n<p>Identificar\u00e1 y eliminar\u00e1 cualquier riesgo de plaga, mucho antes de que suponga una amenaza importante.<\/p>\n<\/div>\n<\/div>\n<div id=\"pu3511\" class=\"clearfix colelem\">\n<div id=\"u3511\" class=\"clip_frame grpelem\" data-muse-uid=\"U3511\" data-muse-type=\"img_frame\"><br><\/div>\n<\/div>\n<p id=\"u3475-3\">\n<\/p><\/div>\n<\/div>\n<p style=\"margin-bottom: 0px; transform-origin: left top; background-repeat: no-repeat; max-height: 1e+06px; color: #534741; font-family: rosario, sans-serif; font-size: 15px; text-align: justify; border: 0px solid transparent;\">\n<\/p><\/div>\n\t\t\t\t<\/div>\n\t\t\t\t<\/div>\n\t\t\t\t\t\t<\/div>\n\t\t\t<\/div>\n\t\t<\/div>\n\t\t\t\t\t\t<\/div>\n\t\t\t<\/div>\n\t\t<\/section>\n\t\t\t\t\t\t<\/div>\n\t\t\t<\/div>\n\t\t<\/div>\n\t\t","protected":false},"excerpt":{"rendered":"<p>manejo integral de plagas: En el pasado lo primero era, aplicar medidas qu\u00edmicas. Ahora el control de plagas ha evolucionado al&nbsp;MANEJO INTEGRADO DE PLAGAS. El Manejo Integrado de Plagas (MIP) implica mejoras sustanciales con referencia a los tradicionales m\u00e9todos de control en los que s\u00f3lo se pensaba en medidas qu\u00edmicas proporcionadas por la compa\u00f1\u00eda de&hellip;&nbsp;<a href=\"https:\/\/fumigania.com\/?page_id=597\" class=\"\" rel=\"bookmark\">Leer m\u00e1s &raquo;<span class=\"screen-reader-text\">MANEJO INTEGRAL DE PLAGAS<\/span><\/a><\/p>\n","protected":false},"author":1,"featured_media":0,"parent":0,"menu_order":0,"comment_status":"closed","ping_status":"closed","template":"page-templates\/template-pagebuilder-full-width.php","meta":{"footnotes":""},"class_list":["post-597","page","type-page","status-publish","hentry"],"_links":{"self":[{"href":"https:\/\/fumigania.com\/index.php?rest_route=\/wp\/v2\/pages\/597","targetHints":{"allow":["GET"]}}],"collection":[{"href":"https:\/\/fumigania.com\/index.php?rest_route=\/wp\/v2\/pages"}],"about":[{"href":"https:\/\/fumigania.com\/index.php?rest_route=\/wp\/v2\/types\/page"}],"author":[{"embeddable":true,"href":"https:\/\/fumigania.com\/index.php?rest_route=\/wp\/v2\/users\/1"}],"replies":[{"embeddable":true,"href":"https:\/\/fumigania.com\/index.php?rest_route=%2Fwp%2Fv2%2Fcomments&post=597"}],"version-history":[{"count":5,"href":"https:\/\/fumigania.com\/index.php?rest_route=\/wp\/v2\/pages\/597\/revisions"}],"predecessor-version":[{"id":615,"href":"https:\/\/fumigania.com\/index.php?rest_route=\/wp\/v2\/pages\/597\/revisions\/615"}],"wp:attachment":[{"href":"https:\/\/fumigania.com\/index.php?rest_route=%2Fwp%2Fv2%2Fmedia&parent=597"}],"curies":[{"name":"wp","href":"https:\/\/api.w.org\/{rel}","templated":true}]}}