{"id":555,"date":"2021-01-27T16:17:25","date_gmt":"2021-01-27T16:17:25","guid":{"rendered":"http:\/\/fumigania.com\/?page_id=555"},"modified":"2021-01-27T16:33:20","modified_gmt":"2021-01-27T16:33:20","slug":"desinfeccion","status":"publish","type":"page","link":"https:\/\/fumigania.com\/?page_id=555","title":{"rendered":"DESINFECCI\u00d2N"},"content":{"rendered":"\t\t<div data-elementor-type=\"wp-page\" data-elementor-id=\"555\" class=\"elementor elementor-555\" data-elementor-settings=\"[]\">\n\t\t\t<div class=\"elementor-inner\">\n\t\t\t\t<div class=\"elementor-section-wrap\">\n\t\t\t\t\t\t\t<section class=\"elementor-element elementor-element-bce5ae2 elementor-section-boxed elementor-section-height-default elementor-section-height-default elementor-section elementor-top-section\" data-id=\"bce5ae2\" data-element_type=\"section\">\n\t\t\t\t\t\t<div class=\"elementor-container elementor-column-gap-default\">\n\t\t\t\t<div class=\"elementor-row\">\n\t\t\t\t<div class=\"elementor-element elementor-element-42b8dd4 elementor-column elementor-col-100 elementor-top-column\" data-id=\"42b8dd4\" data-element_type=\"column\">\n\t\t\t<div class=\"elementor-column-wrap  elementor-element-populated\">\n\t\t\t\t\t<div class=\"elementor-widget-wrap\">\n\t\t\t\t<div class=\"elementor-element elementor-element-56cba35 elementor-widget elementor-widget-heading\" data-id=\"56cba35\" data-element_type=\"widget\" data-widget_type=\"heading.default\">\n\t\t\t\t<div class=\"elementor-widget-container\">\n\t\t\t<h2 class=\"elementor-heading-title elementor-size-default\">DESINFECCI\u00d3N:<\/h2>\t\t<\/div>\n\t\t\t\t<\/div>\n\t\t\t\t<div class=\"elementor-element elementor-element-fbd89fd elementor-widget elementor-widget-text-editor\" data-id=\"fbd89fd\" data-element_type=\"widget\" data-widget_type=\"text-editor.default\">\n\t\t\t\t<div class=\"elementor-widget-container\">\n\t\t\t\t\t<div class=\"elementor-text-editor elementor-clearfix\"><div style=\"margin: 0px; padding: 0px; border: 0px; outline: 0px; font-size: 15px; text-size-adjust: 100%; vertical-align: baseline; background: 50% center \/ cover no-repeat transparent; overflow-wrap: break-word; animation-timing-function: linear; animation-duration: 0.2s; line-height: 2em; max-width: 700px;\"><div style=\"margin: 0px; padding: 0px; border: 0px; outline: 0px; text-size-adjust: 100%; vertical-align: baseline; background: transparent; position: relative;\"><h2 style=\"margin-bottom: 0px; padding-bottom: 10px; border: 0px; outline: 0px; font-size: 26px; text-size-adjust: 100%; vertical-align: baseline; background: transparent; color: #333333; line-height: 1.4em; font-family: Montserrat, Helvetica, Arial, Lucida, sans-serif; letter-spacing: 2px;\">\u00a0<\/h2><\/div><\/div><div style=\"box-sizing: content-box; margin: 0px 0px 29.6719px; padding: 0px; border: 0px; outline: 0px; font-size: 14px; text-size-adjust: 100%; vertical-align: baseline; background: 50% center \/ cover no-repeat transparent; height: 4px; position: relative; animation-timing-function: linear; animation-duration: 0.2s; max-width: 60px;\"><div style=\"margin: 0px; padding: 0px; border: 0px; outline: 0px; text-size-adjust: 100%; vertical-align: baseline; background: transparent; display: inline-block; width: 60px;\">\u00a0<\/div><\/div><div style=\"margin: 0px; padding: 0px; border: 0px; outline: 0px; font-size: 14px; text-size-adjust: 100%; vertical-align: baseline; background: 50% center \/ cover no-repeat transparent; overflow-wrap: break-word; animation-timing-function: linear; animation-duration: 0.2s;\"><div style=\"margin: 0px; padding: 0px; border: 0px; outline: 0px; text-size-adjust: 100%; vertical-align: baseline; background: transparent; position: relative;\"><p style=\"margin-bottom: 0px; padding-bottom: 1em; border: 0px; outline: 0px; text-size-adjust: 100%; vertical-align: baseline; background-image: initial; background-position: initial; background-size: initial; background-repeat: initial; background-attachment: initial; background-origin: initial; background-clip: initial; color: #666666;\">Desinfecci\u00f3n es el conjunto de actividades que tienen por objeto la destrucci\u00f3n o reducci\u00f3n de los microorganismos presentes en el ambiente, superficies u objetos hasta reducir la tasa microbiana por debajo de los umbrales de tolerancia preestablecidos.<\/p><p style=\"margin-bottom: 0px; padding-bottom: 1em; border: 0px; outline: 0px; text-size-adjust: 100%; vertical-align: baseline; background-image: initial; background-position: initial; background-size: initial; background-repeat: initial; background-attachment: initial; background-origin: initial; background-clip: initial; color: #666666;\">En FUMIGANIA, realizamos la desinfecci\u00f3n con una diagnosis previa, como acci\u00f3n preventiva o correctora, y se entiende que la mejor desinfecci\u00f3n posible es extremar los servicios de limpieza por lo que deben practicarse conjuntamente: Limpieza, Lavado y Desinfecci\u00f3n. La desinfecci\u00f3n ser\u00e1 siempre posterior a la limpieza, salvo contraindicaci\u00f3n espec\u00edfica. Con car\u00e1cter general, la desinfecci\u00f3n s\u00f3lo ser\u00e1 realizada en aquellos casos en los que el programa de limpieza sea insuficiente para el control del riesgo.<\/p><p style=\"margin-bottom: 0px; padding-bottom: 1em; border: 0px; outline: 0px; text-size-adjust: 100%; vertical-align: baseline; background-image: initial; background-position: initial; background-size: initial; background-repeat: initial; background-attachment: initial; background-origin: initial; background-clip: initial; color: #666666;\">Estos organismos se extienden por v\u00eda a\u00e9rea, anidan, se multiplican y contaminan los ambientes determinando as\u00ed, un aumento del riesgo de contraer infecciones.<\/p><p style=\"margin-bottom: 0px; padding-bottom: 1em; border: 0px; outline: 0px; text-size-adjust: 100%; vertical-align: baseline; background-image: initial; background-position: initial; background-size: initial; background-repeat: initial; background-attachment: initial; background-origin: initial; background-clip: initial; color: #666666;\">Los ambientes sanitarios son, obviamente, los m\u00e1s expuestos al riesgo de infecciones cruzadas por la presencia de condiciones que favorecen la proliferaci\u00f3n y difusi\u00f3n de microorganismos pat\u00f3genos.<\/p><p style=\"margin-bottom: 0px; padding-bottom: 1em; border: 0px; outline: 0px; text-size-adjust: 100%; vertical-align: baseline; background-image: initial; background-position: initial; background-size: initial; background-repeat: initial; background-attachment: initial; background-origin: initial; background-clip: initial; color: #666666;\">Asimismo y cuando la desinfecci\u00f3n sea necesaria, daremos prioridad a los m\u00e9todos f\u00edsicos y f\u00edsico-qu\u00edmicos de desinfecci\u00f3n (calor, radiaci\u00f3n, etc.) sobre la utilizaci\u00f3n de desinfectantes qu\u00edmicos.<\/p><p style=\"margin-bottom: 0px; padding-bottom: 1em; border: 0px; outline: 0px; text-size-adjust: 100%; vertical-align: baseline; background-image: initial; background-position: initial; background-size: initial; background-repeat: initial; background-attachment: initial; background-origin: initial; background-clip: initial; color: #666666;\">Nuestra empresa, le ofrece un completo estudio para el Control Integrado de Plagas \u2013 Desinfecci\u00f3n: Diagn\u00f3stico de situaci\u00f3n detallado para crear un plan ajustado a sus necesidades.<\/p><ul style=\"padding-bottom: 1em; padding-left: 1em; border: 0px; outline: 0px; text-size-adjust: 100%; vertical-align: baseline; background-image: initial; background-position: initial; background-size: initial; background-repeat: initial; background-attachment: initial; background-origin: initial; background-clip: initial; list-style: disc; line-height: 26px; color: #666666;\"><li style=\"border: 0px; outline: 0px; text-size-adjust: 100%; vertical-align: baseline; background: transparent;\">An\u00e1lisis de la situaci\u00f3n.<\/li><\/ul><ul style=\"padding-bottom: 1em; padding-left: 1em; border: 0px; outline: 0px; text-size-adjust: 100%; vertical-align: baseline; background-image: initial; background-position: initial; background-size: initial; background-repeat: initial; background-attachment: initial; background-origin: initial; background-clip: initial; list-style: disc; line-height: 26px; color: #666666;\"><li style=\"border: 0px; outline: 0px; text-size-adjust: 100%; vertical-align: baseline; background: transparent;\">Programa de actuaci\u00f3n se tendr\u00e1 en cuenta que en la desinfecci\u00f3n, dependiendo del objetivo buscado, se pueden establecer distintos grados de reducci\u00f3n de la tasa microbiana,<\/li><\/ul><ul style=\"padding-bottom: 1em; padding-left: 1em; border: 0px; outline: 0px; text-size-adjust: 100%; vertical-align: baseline; background-image: initial; background-position: initial; background-size: initial; background-repeat: initial; background-attachment: initial; background-origin: initial; background-clip: initial; list-style: disc; line-height: 26px; color: #666666;\"><li style=\"border: 0px; outline: 0px; text-size-adjust: 100%; vertical-align: baseline; background: transparent;\">Evaluaci\u00f3n con el Plan de Desinfecci\u00f3n se completar\u00e1 con la evaluaci\u00f3n del Programa de Actuaci\u00f3n.<\/li><\/ul><h4 style=\"margin-bottom: 0px; padding-bottom: 10px; border: 0px; outline: 0px; text-size-adjust: 100%; vertical-align: baseline; background-image: initial; background-position: initial; background-size: initial; background-repeat: initial; background-attachment: initial; background-origin: initial; background-clip: initial; color: #333333; line-height: 1em; font-weight: 500;\"><span style=\"margin: 0px; padding: 0px; border: 0px; outline: 0px; font-size: large; text-size-adjust: 100%; vertical-align: baseline; background: transparent;\">Algunos g\u00e9rmenes a combatir:<\/span><\/h4><p style=\"margin-bottom: 0px; padding-bottom: 1em; border: 0px; outline: 0px; text-size-adjust: 100%; vertical-align: baseline; background-image: initial; background-position: initial; background-size: initial; background-repeat: initial; background-attachment: initial; background-origin: initial; background-clip: initial; color: #666666;\">Bacterias, virus, hongos y protozoos.<\/p><h4 style=\"margin-bottom: 0px; padding-bottom: 10px; border: 0px; outline: 0px; text-size-adjust: 100%; vertical-align: baseline; background-image: initial; background-position: initial; background-size: initial; background-repeat: initial; background-attachment: initial; background-origin: initial; background-clip: initial; color: #333333; line-height: 1em; font-weight: 500;\">Nuestras Medidas para el Control en la Desinfecci\u00f3n:<\/h4><ul style=\"padding-bottom: 1em; padding-left: 1em; border: 0px; outline: 0px; text-size-adjust: 100%; vertical-align: baseline; background-image: initial; background-position: initial; background-size: initial; background-repeat: initial; background-attachment: initial; background-origin: initial; background-clip: initial; list-style: disc; line-height: 26px; color: #666666;\"><li style=\"border: 0px; outline: 0px; text-size-adjust: 100%; vertical-align: baseline; background: transparent;\">M\u00e9todos f\u00edsicos: radiaci\u00f3n ultravioleta, ultrasonidos, hipertermia.<\/li><\/ul><ul style=\"padding-bottom: 1em; padding-left: 1em; border: 0px; outline: 0px; text-size-adjust: 100%; vertical-align: baseline; background-image: initial; background-position: initial; background-size: initial; background-repeat: initial; background-attachment: initial; background-origin: initial; background-clip: initial; list-style: disc; line-height: 26px; color: #666666;\"><li style=\"border: 0px; outline: 0px; text-size-adjust: 100%; vertical-align: baseline; background: transparent;\">M\u00e9todos qu\u00edmicos: desinfectantes derivados del cloro y el yodo, per\u00f3xido de hidr\u00f3geno, formol y derivados, amonios cuaternarios, etc.<\/li><\/ul><\/div><\/div><\/div>\n\t\t\t\t<\/div>\n\t\t\t\t<\/div>\n\t\t\t\t\t\t<\/div>\n\t\t\t<\/div>\n\t\t<\/div>\n\t\t\t\t\t\t<\/div>\n\t\t\t<\/div>\n\t\t<\/section>\n\t\t\t\t\t\t<\/div>\n\t\t\t<\/div>\n\t\t<\/div>\n\t\t","protected":false},"excerpt":{"rendered":"<p>DESINFECCI\u00d3N: \u00a0 \u00a0 Desinfecci\u00f3n es el conjunto de actividades que tienen por objeto la destrucci\u00f3n o reducci\u00f3n de los microorganismos presentes en el ambiente, superficies u objetos hasta reducir la tasa microbiana por debajo de los umbrales de tolerancia preestablecidos. En FUMIGANIA, realizamos la desinfecci\u00f3n con una diagnosis previa, como acci\u00f3n preventiva o correctora, y&hellip;&nbsp;<a href=\"https:\/\/fumigania.com\/?page_id=555\" class=\"\" rel=\"bookmark\">Leer m\u00e1s &raquo;<span class=\"screen-reader-text\">DESINFECCI\u00d2N<\/span><\/a><\/p>\n","protected":false},"author":1,"featured_media":0,"parent":0,"menu_order":0,"comment_status":"closed","ping_status":"closed","template":"page-templates\/template-pagebuilder-full-width.php","meta":{"footnotes":""},"class_list":["post-555","page","type-page","status-publish","hentry"],"_links":{"self":[{"href":"https:\/\/fumigania.com\/index.php?rest_route=\/wp\/v2\/pages\/555","targetHints":{"allow":["GET"]}}],"collection":[{"href":"https:\/\/fumigania.com\/index.php?rest_route=\/wp\/v2\/pages"}],"about":[{"href":"https:\/\/fumigania.com\/index.php?rest_route=\/wp\/v2\/types\/page"}],"author":[{"embeddable":true,"href":"https:\/\/fumigania.com\/index.php?rest_route=\/wp\/v2\/users\/1"}],"replies":[{"embeddable":true,"href":"https:\/\/fumigania.com\/index.php?rest_route=%2Fwp%2Fv2%2Fcomments&post=555"}],"version-history":[{"count":2,"href":"https:\/\/fumigania.com\/index.php?rest_route=\/wp\/v2\/pages\/555\/revisions"}],"predecessor-version":[{"id":563,"href":"https:\/\/fumigania.com\/index.php?rest_route=\/wp\/v2\/pages\/555\/revisions\/563"}],"wp:attachment":[{"href":"https:\/\/fumigania.com\/index.php?rest_route=%2Fwp%2Fv2%2Fmedia&parent=555"}],"curies":[{"name":"wp","href":"https:\/\/api.w.org\/{rel}","templated":true}]}}