{"id":550,"date":"2021-01-27T16:13:25","date_gmt":"2021-01-27T16:13:25","guid":{"rendered":"http:\/\/fumigania.com\/?page_id=550"},"modified":"2021-01-27T16:38:34","modified_gmt":"2021-01-27T16:38:34","slug":"control-de-alcantarillado","status":"publish","type":"page","link":"https:\/\/fumigania.com\/?page_id=550","title":{"rendered":"CONTROL DE ALCANTARILLADO"},"content":{"rendered":"\t\t<div data-elementor-type=\"wp-page\" data-elementor-id=\"550\" class=\"elementor elementor-550\" data-elementor-settings=\"[]\">\n\t\t\t<div class=\"elementor-inner\">\n\t\t\t\t<div class=\"elementor-section-wrap\">\n\t\t\t\t\t\t\t<section class=\"elementor-element elementor-element-d530011 elementor-section-boxed elementor-section-height-default elementor-section-height-default elementor-section elementor-top-section\" data-id=\"d530011\" data-element_type=\"section\">\n\t\t\t\t\t\t<div class=\"elementor-container elementor-column-gap-default\">\n\t\t\t\t<div class=\"elementor-row\">\n\t\t\t\t<div class=\"elementor-element elementor-element-4960791 elementor-column elementor-col-100 elementor-top-column\" data-id=\"4960791\" data-element_type=\"column\">\n\t\t\t<div class=\"elementor-column-wrap  elementor-element-populated\">\n\t\t\t\t\t<div class=\"elementor-widget-wrap\">\n\t\t\t\t<div class=\"elementor-element elementor-element-e43658f elementor-widget elementor-widget-heading\" data-id=\"e43658f\" data-element_type=\"widget\" data-widget_type=\"heading.default\">\n\t\t\t\t<div class=\"elementor-widget-container\">\n\t\t\t<h2 class=\"elementor-heading-title elementor-size-default\">CONTROL DE ALCANTARILLADO<\/h2>\t\t<\/div>\n\t\t\t\t<\/div>\n\t\t\t\t<div class=\"elementor-element elementor-element-b176663 elementor-widget elementor-widget-text-editor\" data-id=\"b176663\" data-element_type=\"widget\" data-widget_type=\"text-editor.default\">\n\t\t\t\t<div class=\"elementor-widget-container\">\n\t\t\t\t\t<div class=\"elementor-text-editor elementor-clearfix\"><h4>Desinsectaci\u00f3n y Desratizaci\u00f3n de la red de alcantarillado en Pol\u00edgonos Industriales y Urbanizaciones Residenciales.<\/h4><p>El subsuelo es el h\u00e1bitat ideal para la rata gris o de alcantarilla, donde encuentra las condiciones ideales de humedad, temperatura, agua y alimento para vivir, y reproducirse. Por otro lado la red de alcantarillado le permite el desplazamiento por toda la zona. En muchos puntos su presencia suele estar tambi\u00e9n asociada a la presencia de cucarachas, donde tambi\u00e9n\u00a0 encuentra las condiciones ideales para reproducirse y propagarse por todas partes.<\/p><p>\u00a0<\/p><h4>M\u00e9todos de actuaci\u00f3n:<\/h4><h4>DESRATIZACI\u00d3N ALCANTARILLADO<\/h4><p>En la red de alcantarillado, el m\u00e9todo de control que\u00a0 empleamos contra las ratas, es la colocaci\u00f3n de cebo venenoso en los registros, en forma de bloques parafinados (altamente resistentes a la humedad) de raticida anticoagulante de \u00faltima generaci\u00f3n. El cebo se coloca suspendido con un alambre por encima del nivel del agua a pocos cent\u00edmetros\u00a0 del suelo para que cuando suba el nivel del agua queden los cebos fijados en el lugar de origen sin peligro de que se puedan mover o caer, de esta manera tambi\u00e9n controlamos con bastante exactitud el posible consumo de cebo en los distintos registros, aumentando en dicho caso los bloques a colocar.<\/p><h4>DESINSECTACI\u00d3N ALCANTARILLADO<\/h4><p>En la red de alcantarillado, el m\u00e9todo normal para controlar las cucarachas y otros insectos consiste en pulverizar un insecticida residual sobre el interior de los registros a tratar. La aplicaci\u00f3n de las novedosas formulaciones tipo suspensi\u00f3n concentrada o microencapsulado en superficies de acceso o de paso, forma una eficaz barrera protectora de gran poder residual, que constituyen la mejor alternativa para medios porosos y absorbentes, como la red de saneamiento y otro tipo de registros. La aplicaci\u00f3n se realiza mediante pulverizador en la cara interior de los registros y el insecticida se aplica de abajo a arriba, ya que las cucarachas al contacto con la luz solar se ocultan r\u00e1pidamente.<\/p><\/div>\n\t\t\t\t<\/div>\n\t\t\t\t<\/div>\n\t\t\t\t\t\t<\/div>\n\t\t\t<\/div>\n\t\t<\/div>\n\t\t\t\t\t\t<\/div>\n\t\t\t<\/div>\n\t\t<\/section>\n\t\t\t\t\t\t<\/div>\n\t\t\t<\/div>\n\t\t<\/div>\n\t\t","protected":false},"excerpt":{"rendered":"<p>CONTROL DE ALCANTARILLADO Desinsectaci\u00f3n y Desratizaci\u00f3n de la red de alcantarillado en Pol\u00edgonos Industriales y Urbanizaciones Residenciales. El subsuelo es el h\u00e1bitat ideal para la rata gris o de alcantarilla, donde encuentra las condiciones ideales de humedad, temperatura, agua y alimento para vivir, y reproducirse. Por otro lado la red de alcantarillado le permite el&hellip;&nbsp;<a href=\"https:\/\/fumigania.com\/?page_id=550\" class=\"\" rel=\"bookmark\">Leer m\u00e1s &raquo;<span class=\"screen-reader-text\">CONTROL DE ALCANTARILLADO<\/span><\/a><\/p>\n","protected":false},"author":1,"featured_media":0,"parent":0,"menu_order":0,"comment_status":"closed","ping_status":"closed","template":"page-templates\/template-pagebuilder-full-width.php","meta":{"footnotes":""},"class_list":["post-550","page","type-page","status-publish","hentry"],"_links":{"self":[{"href":"https:\/\/fumigania.com\/index.php?rest_route=\/wp\/v2\/pages\/550","targetHints":{"allow":["GET"]}}],"collection":[{"href":"https:\/\/fumigania.com\/index.php?rest_route=\/wp\/v2\/pages"}],"about":[{"href":"https:\/\/fumigania.com\/index.php?rest_route=\/wp\/v2\/types\/page"}],"author":[{"embeddable":true,"href":"https:\/\/fumigania.com\/index.php?rest_route=\/wp\/v2\/users\/1"}],"replies":[{"embeddable":true,"href":"https:\/\/fumigania.com\/index.php?rest_route=%2Fwp%2Fv2%2Fcomments&post=550"}],"version-history":[{"count":3,"href":"https:\/\/fumigania.com\/index.php?rest_route=\/wp\/v2\/pages\/550\/revisions"}],"predecessor-version":[{"id":566,"href":"https:\/\/fumigania.com\/index.php?rest_route=\/wp\/v2\/pages\/550\/revisions\/566"}],"wp:attachment":[{"href":"https:\/\/fumigania.com\/index.php?rest_route=%2Fwp%2Fv2%2Fmedia&parent=550"}],"curies":[{"name":"wp","href":"https:\/\/api.w.org\/{rel}","templated":true}]}}