{"id":548,"date":"2021-01-27T16:13:00","date_gmt":"2021-01-27T16:13:00","guid":{"rendered":"http:\/\/fumigania.com\/?page_id=548"},"modified":"2021-01-27T16:36:56","modified_gmt":"2021-01-27T16:36:56","slug":"chinche-de-cama","status":"publish","type":"page","link":"https:\/\/fumigania.com\/?page_id=548","title":{"rendered":"CHINCHE DE CAMA"},"content":{"rendered":"\t\t<div data-elementor-type=\"wp-page\" data-elementor-id=\"548\" class=\"elementor elementor-548\" data-elementor-settings=\"[]\">\n\t\t\t<div class=\"elementor-inner\">\n\t\t\t\t<div class=\"elementor-section-wrap\">\n\t\t\t\t\t\t\t<section class=\"elementor-element elementor-element-b180b27 elementor-section-boxed elementor-section-height-default elementor-section-height-default elementor-section elementor-top-section\" data-id=\"b180b27\" data-element_type=\"section\">\n\t\t\t\t\t\t<div class=\"elementor-container elementor-column-gap-default\">\n\t\t\t\t<div class=\"elementor-row\">\n\t\t\t\t<div class=\"elementor-element elementor-element-bcf956c elementor-column elementor-col-100 elementor-top-column\" data-id=\"bcf956c\" data-element_type=\"column\">\n\t\t\t<div class=\"elementor-column-wrap  elementor-element-populated\">\n\t\t\t\t\t<div class=\"elementor-widget-wrap\">\n\t\t\t\t<div class=\"elementor-element elementor-element-db61efa elementor-widget elementor-widget-heading\" data-id=\"db61efa\" data-element_type=\"widget\" data-widget_type=\"heading.default\">\n\t\t\t\t<div class=\"elementor-widget-container\">\n\t\t\t<h2 class=\"elementor-heading-title elementor-size-default\">CHINCHE DE CAMA<\/h2>\t\t<\/div>\n\t\t\t\t<\/div>\n\t\t\t\t<div class=\"elementor-element elementor-element-2309808 elementor-widget elementor-widget-text-editor\" data-id=\"2309808\" data-element_type=\"widget\" data-widget_type=\"text-editor.default\">\n\t\t\t\t<div class=\"elementor-widget-container\">\n\t\t\t\t\t<div class=\"elementor-text-editor elementor-clearfix\"><div class=\"et_pb_module et_pb_text et_pb_text_2 et_pb_text_align_left et_pb_bg_layout_light\"><div class=\"et_pb_text_inner\"><h2>\u00a0<\/h2><\/div><\/div><div class=\"et_pb_module et_pb_text et_pb_text_3 et_pb_text_align_left et_pb_bg_layout_light\"><div class=\"et_pb_text_inner\"><p>Las densas poblaciones urbanas y los grandes movimientos de personas han contribuido en los \u00faltimos a\u00f1os a un importante resurgimiento de los problemas de las chinches de cama (<i>Cimex Lectularius<\/i>). Sus picaduras son muy molestas e irritantes, adem\u00e1s pueden originar importantes problemas psicol\u00f3gicos a los afectados por ellas y deteriorando de forma considerable la calidad de vida.<\/p><p>Aunque los dormitorios siguen siendo el lugar donde se registran la mayor\u00eda de las infestaciones, la capacidad de las chinches de cama para viajar grandes distancias, en especial sobre la ropa, el equipaje y los muebles, posibilita que puedan encontrarse en un amplio espectro de lugares que incluyen oficinas, escuelas y transportes p\u00fablicos.<\/p><p>Recientes estudios europeos demuestran que las chinches de cama constituyen con diferencia la plaga de insectos m\u00e1s dif\u00edcil de controlar. Es por ello que se requiere adoptar una estrategia profesional, desarrollada por personal cualificado para poder garantizar su prevenci\u00f3n y control de manera efectiva.<\/p><p>Convencidos de la necesidad de mantener controlada la aparici\u00f3n de chinches en zonas potencialmente peligrosas para la salud de las personas, nuestra empresa tiene establecido un servicio integral que incluye:<\/p><ul><li>Inspecci\u00f3n inicial: Evaluaci\u00f3n del nivel de infestaci\u00f3n.<\/li><\/ul><ul><li>Diagn\u00f3stico de situaci\u00f3n: Identificaci\u00f3n del origen del problema.<\/li><\/ul><ul><li>Tratamiento: Medidas de saneamiento y prevenci\u00f3n. Aplicaci\u00f3n de HIPERTERMIA y CRIOGENIZACI\u00d3N, complementados por aspiraci\u00f3n HEPA.<\/li><\/ul><\/div><\/div><\/div>\n\t\t\t\t<\/div>\n\t\t\t\t<\/div>\n\t\t\t\t\t\t<\/div>\n\t\t\t<\/div>\n\t\t<\/div>\n\t\t\t\t\t\t<\/div>\n\t\t\t<\/div>\n\t\t<\/section>\n\t\t\t\t\t\t<\/div>\n\t\t\t<\/div>\n\t\t<\/div>\n\t\t","protected":false},"excerpt":{"rendered":"<p>CHINCHE DE CAMA \u00a0 Las densas poblaciones urbanas y los grandes movimientos de personas han contribuido en los \u00faltimos a\u00f1os a un importante resurgimiento de los problemas de las chinches de cama (Cimex Lectularius). Sus picaduras son muy molestas e irritantes, adem\u00e1s pueden originar importantes problemas psicol\u00f3gicos a los afectados por ellas y deteriorando de&hellip;&nbsp;<a href=\"https:\/\/fumigania.com\/?page_id=548\" class=\"\" rel=\"bookmark\">Leer m\u00e1s &raquo;<span class=\"screen-reader-text\">CHINCHE DE CAMA<\/span><\/a><\/p>\n","protected":false},"author":1,"featured_media":0,"parent":0,"menu_order":0,"comment_status":"closed","ping_status":"closed","template":"page-templates\/template-pagebuilder-full-width.php","meta":{"footnotes":""},"class_list":["post-548","page","type-page","status-publish","hentry"],"_links":{"self":[{"href":"https:\/\/fumigania.com\/index.php?rest_route=\/wp\/v2\/pages\/548","targetHints":{"allow":["GET"]}}],"collection":[{"href":"https:\/\/fumigania.com\/index.php?rest_route=\/wp\/v2\/pages"}],"about":[{"href":"https:\/\/fumigania.com\/index.php?rest_route=\/wp\/v2\/types\/page"}],"author":[{"embeddable":true,"href":"https:\/\/fumigania.com\/index.php?rest_route=\/wp\/v2\/users\/1"}],"replies":[{"embeddable":true,"href":"https:\/\/fumigania.com\/index.php?rest_route=%2Fwp%2Fv2%2Fcomments&post=548"}],"version-history":[{"count":4,"href":"https:\/\/fumigania.com\/index.php?rest_route=\/wp\/v2\/pages\/548\/revisions"}],"predecessor-version":[{"id":565,"href":"https:\/\/fumigania.com\/index.php?rest_route=\/wp\/v2\/pages\/548\/revisions\/565"}],"wp:attachment":[{"href":"https:\/\/fumigania.com\/index.php?rest_route=%2Fwp%2Fv2%2Fmedia&parent=548"}],"curies":[{"name":"wp","href":"https:\/\/api.w.org\/{rel}","templated":true}]}}