{"id":546,"date":"2021-01-27T16:12:00","date_gmt":"2021-01-27T16:12:00","guid":{"rendered":"http:\/\/fumigania.com\/?page_id=546"},"modified":"2021-01-27T17:43:22","modified_gmt":"2021-01-27T17:43:22","slug":"como-trabajamos","status":"publish","type":"page","link":"https:\/\/fumigania.com\/?page_id=546","title":{"rendered":"COMO TRABAJAMOS"},"content":{"rendered":"\t\t<div data-elementor-type=\"wp-page\" data-elementor-id=\"546\" class=\"elementor elementor-546\" data-elementor-settings=\"[]\">\n\t\t\t<div class=\"elementor-inner\">\n\t\t\t\t<div class=\"elementor-section-wrap\">\n\t\t\t\t\t\t\t<section class=\"elementor-element elementor-element-6105315 elementor-section-boxed elementor-section-height-default elementor-section-height-default elementor-section elementor-top-section\" data-id=\"6105315\" data-element_type=\"section\">\n\t\t\t\t\t\t<div class=\"elementor-container elementor-column-gap-default\">\n\t\t\t\t<div class=\"elementor-row\">\n\t\t\t\t<div class=\"elementor-element elementor-element-a485fd1 elementor-column elementor-col-100 elementor-top-column\" data-id=\"a485fd1\" data-element_type=\"column\">\n\t\t\t<div class=\"elementor-column-wrap  elementor-element-populated\">\n\t\t\t\t\t<div class=\"elementor-widget-wrap\">\n\t\t\t\t<div class=\"elementor-element elementor-element-69ab055 elementor-widget elementor-widget-text-editor\" data-id=\"69ab055\" data-element_type=\"widget\" data-widget_type=\"text-editor.default\">\n\t\t\t\t<div class=\"elementor-widget-container\">\n\t\t\t\t\t<div class=\"elementor-text-editor elementor-clearfix\"><div class=\"et_pb_section et_pb_section_0 et_pb_with_background et_section_regular\">\n<div class=\"et_pb_row et_pb_row_0\">\n<div class=\"et_pb_column et_pb_column_4_4 et_pb_column_0 et_pb_css_mix_blend_mode_passthrough et-last-child\">\n<div class=\"et_pb_module et_pb_cta_0 et_hover_enabled et_pb_promo et_pb_text_align_center et_pb_bg_layout_light et_pb_no_bg et_had_animation\">\n<div class=\"et_pb_promo_description\">\n<h1 class=\"et_pb_module_header\">Profesionales Con M\u00e1s De 10 A\u00f1os De Experiencia<\/h1>\n<div>\n<p>En Fumigania contamos con un equipo altamente cualificado y disponemos de los mejores tratamientos, lo que nos permite garantizar la eficacia de nuestros tratamientos.<\/p>\n<\/div>\n<\/div>\n<\/div>\n<\/div>\n<\/div>\n<div class=\"et_pb_row et_pb_row_1 et_pb_row_fullwidth et_pb_gutters1\">\n<div class=\"et_pb_column et_pb_column_1_2 et_pb_column_1 et_pb_css_mix_blend_mode_passthrough\">\n<div class=\"et_pb_module et_pb_text et_pb_text_0 et_pb_text_align_left et_pb_bg_layout_light\">\n<div class=\"et_pb_text_inner\">\n<h2>Inspecci\u00f3n y Primera Aproximaci\u00f3n<\/h2>\n<p>Nuestros t\u00e9cnicos determinar\u00e1n los posibles refugios de los par\u00e1sitos y las condiciones que favorecer\u00e1n su desarrollo , as\u00ed como las posibles rutas de entrada.<\/p>\n<p>La inspecci\u00f3n nos proporcionar\u00e1 ideas claras sobre las medias de control necesarias y las precauciones de seguridad a tener en cuenta durante los tratamientos.<\/p>\n<\/div>\n<\/div>\n<\/div>\n<div class=\"et_pb_column et_pb_column_1_2 et_pb_column_2 et_pb_css_mix_blend_mode_passthrough et-last-child et_pb_column_empty\">&nbsp;<\/div>\n<\/div>\n<\/div>\n<div class=\"et_pb_section et_pb_section_1 et_pb_with_background et_section_regular\">\n<div class=\"et_pb_row et_pb_row_2 et_pb_row_fullwidth et_pb_gutters1\">\n<div class=\"et_pb_column et_pb_column_1_2 et_pb_column_3 et_pb_css_mix_blend_mode_passthrough et_pb_column_empty\">&nbsp;<\/div>\n<div class=\"et_pb_column et_pb_column_1_2 et_pb_column_4 et_pb_css_mix_blend_mode_passthrough et-last-child\">\n<div class=\"et_pb_module et_pb_text et_pb_text_1 et_pb_text_align_left et_pb_bg_layout_dark\">\n<div class=\"et_pb_text_inner\">\n<h2>Identificaci\u00f3n Especies Parasitarias<\/h2>\n<p>Nuestros t\u00e9cnicos poseen los conocimientos necesarios sobre la biolog\u00eda y h\u00e1bitos de especies consideradas como \u201cplagas\u201d, imprescindibles para una correcta identificaci\u00f3n.<\/p>\n<p>Incluiremos no solo lo que nuestros t\u00e9cnicos pueden hacer, sino tambi\u00e9n las medidas sanitarias que la direcci\u00f3n de las instalaciones debe tener en cuenta para que el esfuerzo de control sea m\u00e1s eficaz y duradero.<\/p>\n<\/div>\n<\/div>\n<\/div>\n<\/div>\n<div class=\"et_pb_row et_pb_row_4 et_pb_row_fullwidth et_pb_gutters1\">\n<div class=\"et_pb_column et_pb_column_1_2 et_pb_column_7 et_pb_css_mix_blend_mode_passthrough et_pb_column_empty\">&nbsp;<\/div>\n<div class=\"et_pb_column et_pb_column_1_2 et_pb_column_8 et_pb_css_mix_blend_mode_passthrough et-last-child\">\n<div class=\"et_pb_module et_pb_text et_pb_text_3 et_pb_text_align_left et_pb_bg_layout_dark\">\n<div class=\"et_pb_text_inner\">\n<h2>Tratamiento De Larga Duraci\u00f3n<\/h2>\n<p>Incluyendo un Sistema de Control Espec\u00edfico que deber\u00e1 incluir medidas de saneamiento y prevenci\u00f3n, as\u00ed como aplicaciones peri\u00f3dicas de biocidas en zonas concretas.<\/p>\n<p>Este programa continuo actuar\u00e1 no solo curativamente sobre par\u00e1sitos ya existentes, sino preventivamente una vez alcanzado ya el logro de control exigible, evitando as\u00ed la posibilidad de infestaciones en el futuro.<\/p>\n<p><\/p>\n<\/div>\n<\/div>\n<\/div>\n<\/div>\n<\/div>\n<div class=\"et_pb_section et_pb_section_2 et_pb_with_background et_section_regular\">\n<div class=\"et_pb_row et_pb_row_5 et_pb_gutters2 et_pb_row_1-4_1-4_1-2\">\n<div class=\"et_pb_column et_pb_column_1_4 et_pb_column_9 et_pb_css_mix_blend_mode_passthrough\">\n<div class=\"et_pb_module et_pb_blurb et_pb_blurb_0 et_pb_text_align_center et_pb_blurb_position_top et_pb_bg_layout_dark\">\n<div class=\"et_pb_blurb_content\">\n<div class=\"et_pb_main_blurb_image\"><span class=\"et_pb_image_wrap\"><img decoding=\"async\" class=\"et-waypoint et_pb_animation_top et-animated\" src=\"https:\/\/biocontrolplagas.com\/wp-content\/uploads\/2019\/08\/interior-design-icon-business-white.png\" alt=\"\"><\/span><\/div>\n<div class=\"et_pb_blurb_container\">\n<h4 class=\"et_pb_module_header\">Empresas<\/h4>\n<div class=\"et_pb_blurb_description\">\n<p>Precios especiales para empresas con revisiones peri\u00f3dicas.<\/p>\n<\/div>\n<\/div>\n<\/div>\n<\/div>\n<div class=\"et_pb_module et_pb_blurb et_pb_blurb_1 et_pb_text_align_center et_pb_blurb_position_top et_pb_bg_layout_light\">\n<div class=\"et_pb_blurb_content\">\n<div class=\"et_pb_main_blurb_image\"><span class=\"et_pb_image_wrap\"><img decoding=\"async\" class=\"et-waypoint et_pb_animation_top et-animated\" src=\"https:\/\/biocontrolplagas.com\/wp-content\/uploads\/2019\/08\/interior-design-icon-office-black.png\" alt=\"\"><\/span><\/div>\n<div class=\"et_pb_blurb_container\">\n<h4 class=\"et_pb_module_header\">Comunidades<\/h4>\n<div class=\"et_pb_blurb_description\">\n<p>Soluciones integrales para comunidades de propietarios.<\/p>\n<\/div>\n<\/div>\n<\/div>\n<\/div>\n<\/div>\n<div class=\"et_pb_column et_pb_column_1_4 et_pb_column_10 et_pb_css_mix_blend_mode_passthrough\">\n<div class=\"et_pb_module et_pb_blurb et_pb_blurb_2 et_pb_text_align_center et_pb_blurb_position_top et_pb_bg_layout_dark\">\n<div class=\"et_pb_blurb_content\">\n<div class=\"et_pb_main_blurb_image\"><span class=\"et_pb_image_wrap\"><img decoding=\"async\" class=\"et-waypoint et_pb_animation_top et-animated\" src=\"https:\/\/biocontrolplagas.com\/wp-content\/uploads\/2019\/08\/interior-design-icon-home-white.png\" alt=\"\"><\/span><\/div>\n<div class=\"et_pb_blurb_container\">\n<h4 class=\"et_pb_module_header\">Particulares<\/h4>\n<div class=\"et_pb_blurb_description\">\n<p>Presupuestos a medida para cada caso, servicio personal.<\/p>\n<\/div>\n<\/div>\n<\/div>\n<\/div>\n<\/div>\n<div class=\"et_pb_column et_pb_column_1_2 et_pb_column_11 et_pb_css_mix_blend_mode_passthrough et-last-child\">\n<div class=\"et_pb_module et_pb_text et_pb_text_4 et_pb_text_align_left et_pb_bg_layout_light\">\n<div class=\"et_pb_text_inner\">\n<h2>Nos Adaptamos A SUS NECESIDADES.<\/h2>\n<p style=\"text-align: center;\">\n<\/p><\/div>\n<\/div>\n<\/div>\n<\/div>\n<\/div><\/div>\n\t\t\t\t<\/div>\n\t\t\t\t<\/div>\n\t\t\t\t\t\t<\/div>\n\t\t\t<\/div>\n\t\t<\/div>\n\t\t\t\t\t\t<\/div>\n\t\t\t<\/div>\n\t\t<\/section>\n\t\t\t\t\t\t<\/div>\n\t\t\t<\/div>\n\t\t<\/div>\n\t\t","protected":false},"excerpt":{"rendered":"<p>Profesionales Con M\u00e1s De 10 A\u00f1os De Experiencia En Fumigania contamos con un equipo altamente cualificado y disponemos de los mejores tratamientos, lo que nos permite garantizar la eficacia de nuestros tratamientos. Inspecci\u00f3n y Primera Aproximaci\u00f3n Nuestros t\u00e9cnicos determinar\u00e1n los posibles refugios de los par\u00e1sitos y las condiciones que favorecer\u00e1n su desarrollo , as\u00ed como&hellip;&nbsp;<a href=\"https:\/\/fumigania.com\/?page_id=546\" class=\"\" rel=\"bookmark\">Leer m\u00e1s &raquo;<span class=\"screen-reader-text\">COMO TRABAJAMOS<\/span><\/a><\/p>\n","protected":false},"author":1,"featured_media":0,"parent":0,"menu_order":0,"comment_status":"closed","ping_status":"closed","template":"page-templates\/template-pagebuilder-full-width.php","meta":{"footnotes":""},"class_list":["post-546","page","type-page","status-publish","hentry"],"_links":{"self":[{"href":"https:\/\/fumigania.com\/index.php?rest_route=\/wp\/v2\/pages\/546","targetHints":{"allow":["GET"]}}],"collection":[{"href":"https:\/\/fumigania.com\/index.php?rest_route=\/wp\/v2\/pages"}],"about":[{"href":"https:\/\/fumigania.com\/index.php?rest_route=\/wp\/v2\/types\/page"}],"author":[{"embeddable":true,"href":"https:\/\/fumigania.com\/index.php?rest_route=\/wp\/v2\/users\/1"}],"replies":[{"embeddable":true,"href":"https:\/\/fumigania.com\/index.php?rest_route=%2Fwp%2Fv2%2Fcomments&post=546"}],"version-history":[{"count":7,"href":"https:\/\/fumigania.com\/index.php?rest_route=\/wp\/v2\/pages\/546\/revisions"}],"predecessor-version":[{"id":594,"href":"https:\/\/fumigania.com\/index.php?rest_route=\/wp\/v2\/pages\/546\/revisions\/594"}],"wp:attachment":[{"href":"https:\/\/fumigania.com\/index.php?rest_route=%2Fwp%2Fv2%2Fmedia&parent=546"}],"curies":[{"name":"wp","href":"https:\/\/api.w.org\/{rel}","templated":true}]}}