{"id":473,"date":"2020-11-27T12:02:32","date_gmt":"2020-11-27T12:02:32","guid":{"rendered":"http:\/\/fumigania.com\/?page_id=473"},"modified":"2021-01-27T16:40:28","modified_gmt":"2021-01-27T16:40:28","slug":"control-de-aves-urbanas","status":"publish","type":"page","link":"https:\/\/fumigania.com\/?page_id=473","title":{"rendered":"CONTROL DE AVES URBANAS"},"content":{"rendered":"\t\t<div data-elementor-type=\"wp-page\" data-elementor-id=\"473\" class=\"elementor elementor-473\" data-elementor-settings=\"[]\">\n\t\t\t<div class=\"elementor-inner\">\n\t\t\t\t<div class=\"elementor-section-wrap\">\n\t\t\t\t\t\t\t<section class=\"elementor-element elementor-element-2a36306 elementor-section-boxed elementor-section-height-default elementor-section-height-default elementor-section elementor-top-section\" data-id=\"2a36306\" data-element_type=\"section\">\n\t\t\t\t\t\t<div class=\"elementor-container elementor-column-gap-default\">\n\t\t\t\t<div class=\"elementor-row\">\n\t\t\t\t<div class=\"elementor-element elementor-element-c1257c3 elementor-column elementor-col-100 elementor-top-column\" data-id=\"c1257c3\" data-element_type=\"column\">\n\t\t\t<div class=\"elementor-column-wrap  elementor-element-populated\">\n\t\t\t\t\t<div class=\"elementor-widget-wrap\">\n\t\t\t\t<div class=\"elementor-element elementor-element-28d23d8 elementor-widget elementor-widget-heading\" data-id=\"28d23d8\" data-element_type=\"widget\" data-widget_type=\"heading.default\">\n\t\t\t\t<div class=\"elementor-widget-container\">\n\t\t\t<h2 class=\"elementor-heading-title elementor-size-default\">CONTROL DE AVES URBANAS<\/h2>\t\t<\/div>\n\t\t\t\t<\/div>\n\t\t\t\t<div class=\"elementor-element elementor-element-74a6cb3 elementor-widget elementor-widget-text-editor\" data-id=\"74a6cb3\" data-element_type=\"widget\" data-widget_type=\"text-editor.default\">\n\t\t\t\t<div class=\"elementor-widget-container\">\n\t\t\t\t\t<div class=\"elementor-text-editor elementor-clearfix\"><p>Las aves \u201curbanas\u201d suelen causar numerosos problemas especialmente en los edificios, donde llegan a constituir una verdadera plaga. Por esta raz\u00f3n, muchas veces es necesario proteger estos edificios, e inclusive llevar a cabo medidas de reducci\u00f3n de la poblaci\u00f3n de aves.<\/p><p>Para hacer un buen control de aves se necesitan tener conocimientos de la legislaci\u00f3n vigente, biolog\u00eda y comportamiento de las aves, la construcci\u00f3n y arquitectura, los productos que hay en el mercado, y los equipos que se pueden conseguir para acceder a las fachadas.<\/p><p>\u00a0<\/p><h4>RAZONES por la que es necesario controlar las aves:<\/h4><ul><li>Crean suciedad con sus excrementos.<\/li><\/ul><ul><li>Da\u00f1an y contaminan los alimentos.<\/li><\/ul><ul><li>Llevan asociadas plagas de insectos y \u00e1caros.<\/li><\/ul><ul><li>Ponen en riesgo la salud humana.<\/li><\/ul><ul><li>Est\u00e1n asociadas a m\u00e1s de 60 enfermedades (salmonelosis, ornitosis, criptococosis, alveolitis al\u00e9rgica, etc.).<\/li><\/ul><ul><li>Producen ruidos molestos y acarrean basuras a sus nidos.<\/li><\/ul><h4>M\u00c9TODOS DE CONTROL<\/h4><ul><li>Redes y Jaulas especiales.<\/li><\/ul><ul><li>Repelentes.<\/li><\/ul><ul><li>Sistemas anti-posamientos y anti-anidaci\u00f3n.<\/li><\/ul><\/div>\n\t\t\t\t<\/div>\n\t\t\t\t<\/div>\n\t\t\t\t\t\t<\/div>\n\t\t\t<\/div>\n\t\t<\/div>\n\t\t\t\t\t\t<\/div>\n\t\t\t<\/div>\n\t\t<\/section>\n\t\t\t\t\t\t<\/div>\n\t\t\t<\/div>\n\t\t<\/div>\n\t\t","protected":false},"excerpt":{"rendered":"<p>CONTROL DE AVES URBANAS Las aves \u201curbanas\u201d suelen causar numerosos problemas especialmente en los edificios, donde llegan a constituir una verdadera plaga. Por esta raz\u00f3n, muchas veces es necesario proteger estos edificios, e inclusive llevar a cabo medidas de reducci\u00f3n de la poblaci\u00f3n de aves. Para hacer un buen control de aves se necesitan tener&hellip;&nbsp;<a href=\"https:\/\/fumigania.com\/?page_id=473\" class=\"\" rel=\"bookmark\">Leer m\u00e1s &raquo;<span class=\"screen-reader-text\">CONTROL DE AVES URBANAS<\/span><\/a><\/p>\n","protected":false},"author":1,"featured_media":0,"parent":0,"menu_order":0,"comment_status":"closed","ping_status":"closed","template":"page-templates\/template-pagebuilder-full-width.php","meta":{"footnotes":""},"class_list":["post-473","page","type-page","status-publish","hentry"],"_links":{"self":[{"href":"https:\/\/fumigania.com\/index.php?rest_route=\/wp\/v2\/pages\/473","targetHints":{"allow":["GET"]}}],"collection":[{"href":"https:\/\/fumigania.com\/index.php?rest_route=\/wp\/v2\/pages"}],"about":[{"href":"https:\/\/fumigania.com\/index.php?rest_route=\/wp\/v2\/types\/page"}],"author":[{"embeddable":true,"href":"https:\/\/fumigania.com\/index.php?rest_route=\/wp\/v2\/users\/1"}],"replies":[{"embeddable":true,"href":"https:\/\/fumigania.com\/index.php?rest_route=%2Fwp%2Fv2%2Fcomments&post=473"}],"version-history":[{"count":2,"href":"https:\/\/fumigania.com\/index.php?rest_route=\/wp\/v2\/pages\/473\/revisions"}],"predecessor-version":[{"id":567,"href":"https:\/\/fumigania.com\/index.php?rest_route=\/wp\/v2\/pages\/473\/revisions\/567"}],"wp:attachment":[{"href":"https:\/\/fumigania.com\/index.php?rest_route=%2Fwp%2Fv2%2Fmedia&parent=473"}],"curies":[{"name":"wp","href":"https:\/\/api.w.org\/{rel}","templated":true}]}}