{"id":471,"date":"2020-11-27T12:01:54","date_gmt":"2020-11-27T12:01:54","guid":{"rendered":"http:\/\/fumigania.com\/?page_id=471"},"modified":"2021-01-27T16:42:46","modified_gmt":"2021-01-27T16:42:46","slug":"prevencion-y-control-de-legionella","status":"publish","type":"page","link":"https:\/\/fumigania.com\/?page_id=471","title":{"rendered":"PREVENCI\u00d3N Y CONTROL DE LEGIONELLA"},"content":{"rendered":"\t\t<div data-elementor-type=\"wp-page\" data-elementor-id=\"471\" class=\"elementor elementor-471\" data-elementor-settings=\"[]\">\n\t\t\t<div class=\"elementor-inner\">\n\t\t\t\t<div class=\"elementor-section-wrap\">\n\t\t\t\t\t\t\t<section class=\"elementor-element elementor-element-3f293ec elementor-section-boxed elementor-section-height-default elementor-section-height-default elementor-section elementor-top-section\" data-id=\"3f293ec\" data-element_type=\"section\">\n\t\t\t\t\t\t<div class=\"elementor-container elementor-column-gap-default\">\n\t\t\t\t<div class=\"elementor-row\">\n\t\t\t\t<div class=\"elementor-element elementor-element-bcbf537 elementor-column elementor-col-100 elementor-top-column\" data-id=\"bcbf537\" data-element_type=\"column\">\n\t\t\t<div class=\"elementor-column-wrap  elementor-element-populated\">\n\t\t\t\t\t<div class=\"elementor-widget-wrap\">\n\t\t\t\t<div class=\"elementor-element elementor-element-705347e elementor-widget elementor-widget-heading\" data-id=\"705347e\" data-element_type=\"widget\" data-widget_type=\"heading.default\">\n\t\t\t\t<div class=\"elementor-widget-container\">\n\t\t\t<h2 class=\"elementor-heading-title elementor-size-default\">PREVENCI\u00d3N Y CONTROL DE LEGIONELLA<\/h2>\t\t<\/div>\n\t\t\t\t<\/div>\n\t\t\t\t<div class=\"elementor-element elementor-element-8c11828 elementor-widget elementor-widget-text-editor\" data-id=\"8c11828\" data-element_type=\"widget\" data-widget_type=\"text-editor.default\">\n\t\t\t\t<div class=\"elementor-widget-container\">\n\t\t\t\t\t<div class=\"elementor-text-editor elementor-clearfix\"><p>FUMIGANIA&nbsp; eval\u00faa el riesgo en sus instalaciones frente al desarrollo de la bacteria Legionella Pnemophila (legionella), estableciendo los programas de mantenimiento adecuados para su prevenci\u00f3n y control.<\/p>\n<p>El Real Decreto 865\/2003 establece los criterios higi\u00e9nico-sanitarios para la prevenci\u00f3n y control de la legionelosis, enumerando las instalaciones en funci\u00f3n de su probabilidad de proliferaci\u00f3n y dispersi\u00f3n de la Legionella.<\/p>\n<p>Las torres de refrigeraci\u00f3n, condensadores evaporativos, humidificadores, agua caliente sanitaria, sistemas contra incendios, piscinas climatizadas, etc., son elementos potenciales de emisi\u00f3n de aerosoles y por tanto posibles focos de esta bacteria.<\/p>\n<p>Para el desarrollo del Programa preventivo y de control de la Legionella,nuestro personal t\u00e9cnico cualificado y con amplia experiencia, opera conforme a la metodolog\u00eda basada en los principios de An\u00e1lisis de peligros y puntos de control cr\u00edtico<\/p><\/div>\n\t\t\t\t<\/div>\n\t\t\t\t<\/div>\n\t\t\t\t\t\t<\/div>\n\t\t\t<\/div>\n\t\t<\/div>\n\t\t\t\t\t\t<\/div>\n\t\t\t<\/div>\n\t\t<\/section>\n\t\t\t\t\t\t<\/div>\n\t\t\t<\/div>\n\t\t<\/div>\n\t\t","protected":false},"excerpt":{"rendered":"<p>PREVENCI\u00d3N Y CONTROL DE LEGIONELLA FUMIGANIA&nbsp; eval\u00faa el riesgo en sus instalaciones frente al desarrollo de la bacteria Legionella Pnemophila (legionella), estableciendo los programas de mantenimiento adecuados para su prevenci\u00f3n y control. El Real Decreto 865\/2003 establece los criterios higi\u00e9nico-sanitarios para la prevenci\u00f3n y control de la legionelosis, enumerando las instalaciones en funci\u00f3n de su&hellip;&nbsp;<a href=\"https:\/\/fumigania.com\/?page_id=471\" class=\"\" rel=\"bookmark\">Leer m\u00e1s &raquo;<span class=\"screen-reader-text\">PREVENCI\u00d3N Y CONTROL DE LEGIONELLA<\/span><\/a><\/p>\n","protected":false},"author":1,"featured_media":0,"parent":0,"menu_order":0,"comment_status":"closed","ping_status":"closed","template":"page-templates\/template-pagebuilder-full-width.php","meta":{"footnotes":""},"class_list":["post-471","page","type-page","status-publish","hentry"],"_links":{"self":[{"href":"https:\/\/fumigania.com\/index.php?rest_route=\/wp\/v2\/pages\/471","targetHints":{"allow":["GET"]}}],"collection":[{"href":"https:\/\/fumigania.com\/index.php?rest_route=\/wp\/v2\/pages"}],"about":[{"href":"https:\/\/fumigania.com\/index.php?rest_route=\/wp\/v2\/types\/page"}],"author":[{"embeddable":true,"href":"https:\/\/fumigania.com\/index.php?rest_route=\/wp\/v2\/users\/1"}],"replies":[{"embeddable":true,"href":"https:\/\/fumigania.com\/index.php?rest_route=%2Fwp%2Fv2%2Fcomments&post=471"}],"version-history":[{"count":2,"href":"https:\/\/fumigania.com\/index.php?rest_route=\/wp\/v2\/pages\/471\/revisions"}],"predecessor-version":[{"id":568,"href":"https:\/\/fumigania.com\/index.php?rest_route=\/wp\/v2\/pages\/471\/revisions\/568"}],"wp:attachment":[{"href":"https:\/\/fumigania.com\/index.php?rest_route=%2Fwp%2Fv2%2Fmedia&parent=471"}],"curies":[{"name":"wp","href":"https:\/\/api.w.org\/{rel}","templated":true}]}}