{"id":428,"date":"2020-11-27T11:19:12","date_gmt":"2020-11-27T11:19:12","guid":{"rendered":"http:\/\/fumigania.com\/?page_id=428"},"modified":"2021-01-27T16:23:36","modified_gmt":"2021-01-27T16:23:36","slug":"desinsectacion","status":"publish","type":"page","link":"https:\/\/fumigania.com\/?page_id=428","title":{"rendered":"DESINSECTACI\u00d3N"},"content":{"rendered":"\t\t<div data-elementor-type=\"wp-page\" data-elementor-id=\"428\" class=\"elementor elementor-428\" data-elementor-settings=\"[]\">\n\t\t\t<div class=\"elementor-inner\">\n\t\t\t\t<div class=\"elementor-section-wrap\">\n\t\t\t\t\t\t\t<section class=\"elementor-element elementor-element-f1bee63 elementor-section-boxed elementor-section-height-default elementor-section-height-default elementor-section elementor-top-section\" data-id=\"f1bee63\" data-element_type=\"section\">\n\t\t\t\t\t\t<div class=\"elementor-container elementor-column-gap-default\">\n\t\t\t\t<div class=\"elementor-row\">\n\t\t\t\t<div class=\"elementor-element elementor-element-338400b elementor-column elementor-col-100 elementor-top-column\" data-id=\"338400b\" data-element_type=\"column\">\n\t\t\t<div class=\"elementor-column-wrap  elementor-element-populated\">\n\t\t\t\t\t<div class=\"elementor-widget-wrap\">\n\t\t\t\t<div class=\"elementor-element elementor-element-9b1ba94 elementor-widget elementor-widget-heading\" data-id=\"9b1ba94\" data-element_type=\"widget\" data-widget_type=\"heading.default\">\n\t\t\t\t<div class=\"elementor-widget-container\">\n\t\t\t<h2 class=\"elementor-heading-title elementor-size-default\">DESINSECTAci\u00f3n:<\/h2>\t\t<\/div>\n\t\t\t\t<\/div>\n\t\t\t\t<div class=\"elementor-element elementor-element-79c83b9 elementor-widget elementor-widget-text-editor\" data-id=\"79c83b9\" data-element_type=\"widget\" data-widget_type=\"text-editor.default\">\n\t\t\t\t<div class=\"elementor-widget-container\">\n\t\t\t\t\t<div class=\"elementor-text-editor elementor-clearfix\"><p>Desinsectaci\u00f3n es el conjunto de t\u00e9cnicas y procedimientos destinados a la prevenci\u00f3n, detecci\u00f3n y control de insectos y otros artr\u00f3podos con potencial da\u00f1ino para la salud p\u00fablica, animal y\/o los bienes o propiedades.<\/p>\n<p>Los artr\u00f3podos (especialmente insectos, ar\u00e1cnidos, etc.) pueden llegar a ser un riesgo potencial para la salud p\u00fablica, pudiendo originar un variado espectro de afecciones infecciosas, t\u00f3xicas y al\u00e9rgicas, y constituir un foco de contaminaci\u00f3n de alimentos, adem\u00e1s de deteriorar los materiales y mercanc\u00edas y de producir molestias diversas.<\/p>\n<p>La globalizaci\u00f3n (desplazamiento de personas y mercanc\u00edas) puede favorecer la introducci\u00f3n de nuevos riesgos y de especies de animales, no aut\u00f3ctonos en nuestro entorno, circunstancia que requiere la toma de medidas en materia de prevenci\u00f3n y control.<\/p>\n<p>FUMIGANIA, realiza un diagn\u00f3stico previo realizando un reconocimiento de las instalaciones para la identificaci\u00f3n de los artr\u00f3podos de riesgo y la determinaci\u00f3n del nivel de infestaci\u00f3n y de distribuci\u00f3n, as\u00ed como para la determinaci\u00f3n de los factores ambientales y del entorno que favorezcan su presencia y proliferaci\u00f3n.<\/p>\n<p>Nuestra empresa, le ofrece las \u00faltimas t\u00e9cnicas para el Control Integrado de Plagas \u2013 Desinsectaci\u00f3n:<\/p>\n<ul>\n<li>Diagn\u00f3stico de situaci\u00f3n detallado para crear un plan ajustado a sus necesidades.<\/li>\n<\/ul>\n<ul>\n<li>Inspecciones enfocadas a la prevenci\u00f3n de puntos donde las plagas pueden llegar a infestar la instalaci\u00f3n a tratar.<\/li>\n<\/ul>\n<ul>\n<li>Programa de actuaci\u00f3n con las medidas a tener en cuenta en funci\u00f3n del diagn\u00f3stico de situaci\u00f3n, ir\u00e1n dirigidas a evitar el acceso, el refugio y la propagaci\u00f3n del artr\u00f3podo.<\/li>\n<\/ul>\n<p>Evaluaci\u00f3n que realiza el seguimiento continuado del nivel de infestaci\u00f3n, las medidas de control y estrategias adoptadas son requisito imprescindible en un buen Plan de Desinsectaci\u00f3n.<\/p><\/div>\n\t\t\t\t<\/div>\n\t\t\t\t<\/div>\n\t\t\t\t<div class=\"elementor-element elementor-element-8f48645 elementor-widget elementor-widget-text-editor\" data-id=\"8f48645\" data-element_type=\"widget\" data-widget_type=\"text-editor.default\">\n\t\t\t\t<div class=\"elementor-widget-container\">\n\t\t\t\t\t<div class=\"elementor-text-editor elementor-clearfix\"><\/div>\n\t\t\t\t<\/div>\n\t\t\t\t<\/div>\n\t\t\t\t\t\t<\/div>\n\t\t\t<\/div>\n\t\t<\/div>\n\t\t\t\t\t\t<\/div>\n\t\t\t<\/div>\n\t\t<\/section>\n\t\t\t\t\t\t<\/div>\n\t\t\t<\/div>\n\t\t<\/div>\n\t\t","protected":false},"excerpt":{"rendered":"<p>DESINSECTAci\u00f3n: Desinsectaci\u00f3n es el conjunto de t\u00e9cnicas y procedimientos destinados a la prevenci\u00f3n, detecci\u00f3n y control de insectos y otros artr\u00f3podos con potencial da\u00f1ino para la salud p\u00fablica, animal y\/o los bienes o propiedades. Los artr\u00f3podos (especialmente insectos, ar\u00e1cnidos, etc.) pueden llegar a ser un riesgo potencial para la salud p\u00fablica, pudiendo originar un variado&hellip;&nbsp;<a href=\"https:\/\/fumigania.com\/?page_id=428\" class=\"\" rel=\"bookmark\">Leer m\u00e1s &raquo;<span class=\"screen-reader-text\">DESINSECTACI\u00d3N<\/span><\/a><\/p>\n","protected":false},"author":1,"featured_media":0,"parent":0,"menu_order":0,"comment_status":"closed","ping_status":"closed","template":"page-templates\/template-pagebuilder-full-width.php","meta":{"footnotes":""},"class_list":["post-428","page","type-page","status-publish","hentry"],"_links":{"self":[{"href":"https:\/\/fumigania.com\/index.php?rest_route=\/wp\/v2\/pages\/428","targetHints":{"allow":["GET"]}}],"collection":[{"href":"https:\/\/fumigania.com\/index.php?rest_route=\/wp\/v2\/pages"}],"about":[{"href":"https:\/\/fumigania.com\/index.php?rest_route=\/wp\/v2\/types\/page"}],"author":[{"embeddable":true,"href":"https:\/\/fumigania.com\/index.php?rest_route=\/wp\/v2\/users\/1"}],"replies":[{"embeddable":true,"href":"https:\/\/fumigania.com\/index.php?rest_route=%2Fwp%2Fv2%2Fcomments&post=428"}],"version-history":[{"count":17,"href":"https:\/\/fumigania.com\/index.php?rest_route=\/wp\/v2\/pages\/428\/revisions"}],"predecessor-version":[{"id":561,"href":"https:\/\/fumigania.com\/index.php?rest_route=\/wp\/v2\/pages\/428\/revisions\/561"}],"wp:attachment":[{"href":"https:\/\/fumigania.com\/index.php?rest_route=%2Fwp%2Fv2%2Fmedia&parent=428"}],"curies":[{"name":"wp","href":"https:\/\/api.w.org\/{rel}","templated":true}]}}