{"id":407,"date":"2020-11-24T15:29:34","date_gmt":"2020-11-24T15:29:34","guid":{"rendered":"http:\/\/fumigania.com\/?page_id=407"},"modified":"2021-01-27T16:30:12","modified_gmt":"2021-01-27T16:30:12","slug":"prueba-servicio-1","status":"publish","type":"page","link":"https:\/\/fumigania.com\/?page_id=407","title":{"rendered":"DESRATIZACI\u00d3N"},"content":{"rendered":"\t\t<div data-elementor-type=\"wp-page\" data-elementor-id=\"407\" class=\"elementor elementor-407\" data-elementor-settings=\"[]\">\n\t\t\t<div class=\"elementor-inner\">\n\t\t\t\t<div class=\"elementor-section-wrap\">\n\t\t\t\t\t\t\t<section class=\"elementor-element elementor-element-d3852c6 elementor-section-boxed elementor-section-height-default elementor-section-height-default elementor-section elementor-top-section\" data-id=\"d3852c6\" data-element_type=\"section\">\n\t\t\t\t\t\t<div class=\"elementor-container elementor-column-gap-default\">\n\t\t\t\t<div class=\"elementor-row\">\n\t\t\t\t<div class=\"elementor-element elementor-element-249a5cc elementor-column elementor-col-100 elementor-top-column\" data-id=\"249a5cc\" data-element_type=\"column\">\n\t\t\t<div class=\"elementor-column-wrap  elementor-element-populated\">\n\t\t\t\t\t<div class=\"elementor-widget-wrap\">\n\t\t\t\t<div class=\"elementor-element elementor-element-2b66ff6 elementor-widget elementor-widget-heading\" data-id=\"2b66ff6\" data-element_type=\"widget\" data-widget_type=\"heading.default\">\n\t\t\t\t<div class=\"elementor-widget-container\">\n\t\t\t<h2 class=\"elementor-heading-title elementor-size-default\">DESRATIZACI\u00d3N<\/h2>\t\t<\/div>\n\t\t\t\t<\/div>\n\t\t\t\t<div class=\"elementor-element elementor-element-31766c6 elementor-widget elementor-widget-text-editor\" data-id=\"31766c6\" data-element_type=\"widget\" data-widget_type=\"text-editor.default\">\n\t\t\t\t<div class=\"elementor-widget-container\">\n\t\t\t\t\t<div class=\"elementor-text-editor elementor-clearfix\"><p style=\"margin-bottom: 0px; padding-bottom: 1em; border: 0px; outline: 0px; font-size: 14px; text-size-adjust: 100%; vertical-align: baseline; background-image: initial; background-position: initial; background-size: initial; background-repeat: initial; background-attachment: initial; background-origin: initial; background-clip: initial; color: rgb(102, 102, 102); font-family: &quot;Open Sans&quot;, Arial, sans-serif;\">Desratizaci\u00f3n es el conjunto de t\u00e9cnicas y procedimientos dirigidos a la prevenci\u00f3n, detecci\u00f3n y control de roedores con potencial da\u00f1ino para la salud p\u00fablica, animal y\/o los bienes o propiedades.<\/p><p style=\"margin-bottom: 0px; padding-bottom: 1em; border: 0px; outline: 0px; font-size: 14px; text-size-adjust: 100%; vertical-align: baseline; background-image: initial; background-position: initial; background-size: initial; background-repeat: initial; background-attachment: initial; background-origin: initial; background-clip: initial; color: rgb(102, 102, 102); font-family: &quot;Open Sans&quot;, Arial, sans-serif;\">Algunas especies de roedores (principalmente, la rata gris, Rattus norvegicus, la rata negra, Rattus rattus, y el rat\u00f3n dom\u00e9stico, Mus musculus) se comportan como animales altamente adaptados al medio y capaces, de darse las circunstancias ambientales propicias, de colonizar infraestructuras urbanas (ejemplo el sistema de alcantarillado) y de acceder al interior de viviendas, locales e industrias.<\/p><p style=\"margin-bottom: 0px; padding-bottom: 1em; border: 0px; outline: 0px; font-size: 14px; text-size-adjust: 100%; vertical-align: baseline; background-image: initial; background-position: initial; background-size: initial; background-repeat: initial; background-attachment: initial; background-origin: initial; background-clip: initial; color: rgb(102, 102, 102); font-family: &quot;Open Sans&quot;, Arial, sans-serif;\">Estos roedores son un riesgo para la salud p\u00fablica, ya que son responsables de la transmisi\u00f3n de diversas enfermedades al ser humano actuando como reservorios y vectores de enfermedades; adem\u00e1s, contaminan el agua, los alimentos y las mercanc\u00edas. Asimismo, son capaces de causar graves da\u00f1os en instalaciones y edificaciones deteriorando la calidad del ambiente interior.<\/p><p style=\"margin-bottom: 0px; padding-bottom: 1em; border: 0px; outline: 0px; font-size: 14px; text-size-adjust: 100%; vertical-align: baseline; background-image: initial; background-position: initial; background-size: initial; background-repeat: initial; background-attachment: initial; background-origin: initial; background-clip: initial; color: rgb(102, 102, 102); font-family: &quot;Open Sans&quot;, Arial, sans-serif;\">FUMIGANIA, le ofrece un&nbsp; programa personalizado para el Control Integrado de Plagas \u2013 Desratizaci\u00f3n, la existencia de un Plan de prevenci\u00f3n y control de roedores (generalmente denominado Plan de Desratizaci\u00f3n) es imprescindible.<\/p><p style=\"margin-bottom: 0px; border: 0px; outline: 0px; font-size: 14px; text-size-adjust: 100%; vertical-align: baseline; background-image: initial; background-position: initial; background-size: initial; background-repeat: initial; background-attachment: initial; background-origin: initial; background-clip: initial; color: rgb(102, 102, 102); font-family: &quot;Open Sans&quot;, Arial, sans-serif;\">Nuestra empresa le ofrece un completo estudio para el Control Integrado de Plagas \u2013 Desratizaci\u00f3n:<\/p><ul style=\"padding-bottom: 1em; padding-left: 1em; border: 0px; outline: 0px; font-size: 14px; text-size-adjust: 100%; vertical-align: baseline; background-image: initial; background-position: initial; background-size: initial; background-repeat: initial; background-attachment: initial; background-origin: initial; background-clip: initial; list-style: disc; line-height: 26px; color: rgb(102, 102, 102); font-family: &quot;Open Sans&quot;, Arial, sans-serif;\"><li style=\"border: 0px; outline: 0px; text-size-adjust: 100%; vertical-align: baseline; background: transparent;\">Diagn\u00f3stico de situaci\u00f3n detallado para crear un plan ajustado a sus necesidades.<\/li><\/ul><ul style=\"padding-bottom: 1em; padding-left: 1em; border: 0px; outline: 0px; font-size: 14px; text-size-adjust: 100%; vertical-align: baseline; background-image: initial; background-position: initial; background-size: initial; background-repeat: initial; background-attachment: initial; background-origin: initial; background-clip: initial; list-style: disc; line-height: 26px; color: rgb(102, 102, 102); font-family: &quot;Open Sans&quot;, Arial, sans-serif;\"><li style=\"border: 0px; outline: 0px; text-size-adjust: 100%; vertical-align: baseline; background: transparent;\">Inspecciones enfocadas a la prevenci\u00f3n y detecci\u00f3n de los roedores.<\/li><\/ul><ul style=\"padding-bottom: 1em; padding-left: 1em; border: 0px; outline: 0px; font-size: 14px; text-size-adjust: 100%; vertical-align: baseline; background-image: initial; background-position: initial; background-size: initial; background-repeat: initial; background-attachment: initial; background-origin: initial; background-clip: initial; list-style: disc; line-height: 26px; color: rgb(102, 102, 102); font-family: &quot;Open Sans&quot;, Arial, sans-serif;\"><li style=\"border: 0px; outline: 0px; text-size-adjust: 100%; vertical-align: baseline; background: transparent;\">Programa de actuaci\u00f3n son las medidas a tener en cuenta en funci\u00f3n del diagn\u00f3stico de situaci\u00f3n Ir\u00e1n dirigidas a evitar el acceso, el refugio y la propagaci\u00f3n de los roedores.<\/li><\/ul><ul style=\"padding-bottom: 1em; padding-left: 1em; border: 0px; outline: 0px; font-size: 14px; text-size-adjust: 100%; vertical-align: baseline; background-image: initial; background-position: initial; background-size: initial; background-repeat: initial; background-attachment: initial; background-origin: initial; background-clip: initial; list-style: disc; line-height: 26px; color: rgb(102, 102, 102); font-family: &quot;Open Sans&quot;, Arial, sans-serif;\"><li style=\"border: 0px; outline: 0px; text-size-adjust: 100%; vertical-align: baseline; background: transparent;\">Evaluaci\u00f3n se realiza el seguimiento continuado del nivel de la plaga, las medidas de control y estrategias adoptadas que son requisito imprescindible en un buen Plan de Desratizaci\u00f3n.<\/li><\/ul><h4 style=\"margin-bottom: 0px; padding-bottom: 10px; border: 0px; outline: 0px; text-size-adjust: 100%; vertical-align: baseline; background-image: initial; background-position: initial; background-size: initial; background-repeat: initial; background-attachment: initial; background-origin: initial; background-clip: initial; color: rgb(51, 51, 51); line-height: 1em; font-weight: 500; font-family: &quot;Open Sans&quot;, Arial, sans-serif; letter-spacing: normal; text-transform: none;\"><span style=\"margin: 0px; padding: 0px; border: 0px; outline: 0px; font-size: medium; text-size-adjust: 100%; vertical-align: baseline; background: transparent;\">Nuestras Medidas para el Control en la Desratizaci\u00f3n:<\/span><\/h4><ul style=\"padding-bottom: 1em; padding-left: 1em; border: 0px; outline: 0px; font-size: 14px; text-size-adjust: 100%; vertical-align: baseline; background-image: initial; background-position: initial; background-size: initial; background-repeat: initial; background-attachment: initial; background-origin: initial; background-clip: initial; list-style: disc; line-height: 26px; color: rgb(102, 102, 102); font-family: &quot;Open Sans&quot;, Arial, sans-serif;\"><li style=\"border: 0px; outline: 0px; text-size-adjust: 100%; vertical-align: baseline; background: transparent;\">M\u00e9todos f\u00edsicos: trampas adhesivas, trampas de captura.<\/li><\/ul><ul style=\"padding-bottom: 1em; padding-left: 1em; border: 0px; outline: 0px; font-size: 14px; text-size-adjust: 100%; vertical-align: baseline; background-image: initial; background-position: initial; background-size: initial; background-repeat: initial; background-attachment: initial; background-origin: initial; background-clip: initial; list-style: disc; line-height: 26px; color: rgb(102, 102, 102); font-family: &quot;Open Sans&quot;, Arial, sans-serif;\"><li style=\"border: 0px; outline: 0px; text-size-adjust: 100%; vertical-align: baseline; background: transparent;\">M\u00e9todos qu\u00edmicos: biocidas\/rodenticidas.<\/li><\/ul><ul style=\"padding-bottom: 1em; padding-left: 1em; border: 0px; outline: 0px; font-size: 14px; text-size-adjust: 100%; vertical-align: baseline; background-image: initial; background-position: initial; background-size: initial; background-repeat: initial; background-attachment: initial; background-origin: initial; background-clip: initial; list-style: disc; line-height: 26px; color: rgb(102, 102, 102); font-family: &quot;Open Sans&quot;, Arial, sans-serif;\"><li style=\"border: 0px; outline: 0px; text-size-adjust: 100%; vertical-align: baseline; background: transparent;\">Portacebos para raticidas de alta seguridad debidamente se\u00f1alizados.<\/li><\/ul><\/div>\n\t\t\t\t<\/div>\n\t\t\t\t<\/div>\n\t\t\t\t\t\t<\/div>\n\t\t\t<\/div>\n\t\t<\/div>\n\t\t\t\t\t\t<\/div>\n\t\t\t<\/div>\n\t\t<\/section>\n\t\t\t\t\t\t<\/div>\n\t\t\t<\/div>\n\t\t<\/div>\n\t\t","protected":false},"excerpt":{"rendered":"<p>DESRATIZACI\u00d3N Desratizaci\u00f3n es el conjunto de t\u00e9cnicas y procedimientos dirigidos a la prevenci\u00f3n, detecci\u00f3n y control de roedores con potencial da\u00f1ino para la salud p\u00fablica, animal y\/o los bienes o propiedades. Algunas especies de roedores (principalmente, la rata gris, Rattus norvegicus, la rata negra, Rattus rattus, y el rat\u00f3n dom\u00e9stico, Mus musculus) se comportan como&hellip;&nbsp;<a href=\"https:\/\/fumigania.com\/?page_id=407\" class=\"\" rel=\"bookmark\">Leer m\u00e1s &raquo;<span class=\"screen-reader-text\">DESRATIZACI\u00d3N<\/span><\/a><\/p>\n","protected":false},"author":1,"featured_media":0,"parent":15,"menu_order":0,"comment_status":"closed","ping_status":"closed","template":"page-templates\/template-pagebuilder-full-width.php","meta":{"footnotes":""},"class_list":["post-407","page","type-page","status-publish","hentry"],"_links":{"self":[{"href":"https:\/\/fumigania.com\/index.php?rest_route=\/wp\/v2\/pages\/407","targetHints":{"allow":["GET"]}}],"collection":[{"href":"https:\/\/fumigania.com\/index.php?rest_route=\/wp\/v2\/pages"}],"about":[{"href":"https:\/\/fumigania.com\/index.php?rest_route=\/wp\/v2\/types\/page"}],"author":[{"embeddable":true,"href":"https:\/\/fumigania.com\/index.php?rest_route=\/wp\/v2\/users\/1"}],"replies":[{"embeddable":true,"href":"https:\/\/fumigania.com\/index.php?rest_route=%2Fwp%2Fv2%2Fcomments&post=407"}],"version-history":[{"count":10,"href":"https:\/\/fumigania.com\/index.php?rest_route=\/wp\/v2\/pages\/407\/revisions"}],"predecessor-version":[{"id":562,"href":"https:\/\/fumigania.com\/index.php?rest_route=\/wp\/v2\/pages\/407\/revisions\/562"}],"up":[{"embeddable":true,"href":"https:\/\/fumigania.com\/index.php?rest_route=\/wp\/v2\/pages\/15"}],"wp:attachment":[{"href":"https:\/\/fumigania.com\/index.php?rest_route=%2Fwp%2Fv2%2Fmedia&parent=407"}],"curies":[{"name":"wp","href":"https:\/\/api.w.org\/{rel}","templated":true}]}}