{"id":23,"date":"2019-07-16T10:27:53","date_gmt":"2019-07-16T10:27:53","guid":{"rendered":"https:\/\/demo.themeisle.com\/neve-architecture\/?page_id=23"},"modified":"2021-01-27T17:10:41","modified_gmt":"2021-01-27T17:10:41","slug":"59497-project-details","status":"publish","type":"page","link":"https:\/\/fumigania.com\/?page_id=23","title":{"rendered":"QUIENES SOMOS"},"content":{"rendered":"\t\t<div data-elementor-type=\"wp-post\" data-elementor-id=\"23\" class=\"elementor elementor-23\" data-elementor-settings=\"[]\">\n\t\t\t<div class=\"elementor-inner\">\n\t\t\t\t<div class=\"elementor-section-wrap\">\n\t\t\t\t\t\t\t<section class=\"elementor-element elementor-element-1377b0f elementor-section-boxed elementor-section-height-default elementor-section-height-default elementor-section elementor-top-section\" data-id=\"1377b0f\" data-element_type=\"section\">\n\t\t\t\t\t\t<div class=\"elementor-container elementor-column-gap-default\">\n\t\t\t\t<div class=\"elementor-row\">\n\t\t\t\t<div class=\"elementor-element elementor-element-00712a6 elementor-column elementor-col-50 elementor-top-column\" data-id=\"00712a6\" data-element_type=\"column\">\n\t\t\t<div class=\"elementor-column-wrap  elementor-element-populated\">\n\t\t\t\t\t<div class=\"elementor-widget-wrap\">\n\t\t\t\t<div class=\"elementor-element elementor-element-415d51f elementor-widget elementor-widget-text-editor\" data-id=\"415d51f\" data-element_type=\"widget\" data-widget_type=\"text-editor.default\">\n\t\t\t\t<div class=\"elementor-widget-container\">\n\t\t\t\t\t<div class=\"elementor-text-editor elementor-clearfix\"><div class=\"et_pb_module et_pb_text et_pb_text_2  et_pb_text_align_left et_pb_bg_layout_light\" style=\"margin: 0px 0px 27.32px; padding: 0px; border: 0px; outline: 0px; font-size: 15px; text-size-adjust: 100%; vertical-align: baseline; background-image: initial; background-position: 50% center; background-size: cover; background-repeat: no-repeat; background-attachment: initial; background-origin: initial; background-clip: initial; overflow-wrap: break-word; animation-timing-function: linear; animation-duration: 0.2s; line-height: 2em; max-width: 700px; color: #666666; font-family: 'Open Sans', Arial, sans-serif;\"><div class=\"et_pb_text_inner\" style=\"margin: 0px; padding: 0px; border: 0px; outline: 0px; text-size-adjust: 100%; vertical-align: baseline; background: transparent; position: relative;\"><h2 style=\"margin-bottom: 0px; padding-bottom: 10px; border: 0px; outline: 0px; font-size: 26px; text-size-adjust: 100%; vertical-align: baseline; background: transparent; color: #333333; line-height: 1.4em; font-family: Montserrat, Helvetica, Arial, Lucida, sans-serif; letter-spacing: 2px; text-align: center;\"><span style=\"color: #0000ff;\">NUESTRA EMPRESA<\/span><\/h2><\/div><\/div><div class=\"et_pb_module et_pb_divider et_pb_divider_1 et_pb_divider_position_ et_pb_space\" style=\"box-sizing: content-box; margin: 0px 0px 29.6719px; padding: 0px; border: 0px; outline: 0px; font-size: 14px; text-size-adjust: 100%; vertical-align: baseline; background-image: initial; background-position: 50% center; background-size: cover; background-repeat: no-repeat; background-attachment: initial; background-origin: initial; background-clip: initial; height: 4px; position: relative; animation-timing-function: linear; animation-duration: 0.2s; max-width: 60px; color: #666666; font-family: 'Open Sans', Arial, sans-serif;\"><div class=\"et_pb_divider_internal\" style=\"margin: 0px; padding: 0px; border: 0px; outline: 0px; text-size-adjust: 100%; vertical-align: baseline; background: transparent; display: inline-block; width: 60px;\">\u00a0<\/div><\/div><div class=\"et_pb_module et_pb_text et_pb_text_3  et_pb_text_align_left et_pb_bg_layout_light\" style=\"margin: 0px; padding: 0px; border: 0px; outline: 0px; font-size: 15px; text-size-adjust: 100%; vertical-align: baseline; background-image: initial; background-position: 50% center; background-size: cover; background-repeat: no-repeat; background-attachment: initial; background-origin: initial; background-clip: initial; overflow-wrap: break-word; animation-timing-function: linear; animation-duration: 0.2s; line-height: 2em; max-width: 700px; color: #666666; font-family: 'Open Sans', Arial, sans-serif;\"><div class=\"et_pb_text_inner\" style=\"margin: 0px; padding: 0px; border: 0px; outline: 0px; text-size-adjust: 100%; vertical-align: baseline; background: transparent; position: relative;\"><p style=\"margin-bottom: 0px; padding-bottom: 1em; border: 0px; outline: 0px; text-size-adjust: 100%; vertical-align: baseline; background: transparent; line-height: 2em; text-align: center;\"><span style=\"margin: 0px; padding: 0px; border: 0px; outline: 0px; text-size-adjust: 100%; vertical-align: baseline; background: transparent; color: #000000;\">Nos permitimos ponernos a su disposici\u00f3n como empresa fundada por personal con m\u00e1s de 10 a\u00f1os de experiencia en el sector del control de plagas, actividad que realizamos conforme al c\u00f3digo de buenas pr\u00e1cticas seg\u00fan establece la norma UNE-EN 16636:2015<br \/><\/span><\/p><p style=\"margin-bottom: 0px; border: 0px; outline: 0px; text-size-adjust: 100%; vertical-align: baseline; background: transparent; line-height: 2em; text-align: center;\"><span style=\"margin: 0px; padding: 0px; border: 0px; outline: 0px; text-size-adjust: 100%; vertical-align: baseline; background: transparent; color: #000000;\">Nuestra empresa, debidamente registrada y autorizada para emitir las certificaciones sanitarias oportunas, dispone de las t\u00e9cnicas, equipos y productos m\u00e1s avanzados del mercado para prevenir y combatir con \u00e9xito infestaciones de roedores, insectos, aves (palomas) y otras especies par\u00e1sitas consideradas como plaga.<\/span><\/p><\/div><\/div><\/div>\n\t\t\t\t<\/div>\n\t\t\t\t<\/div>\n\t\t\t\t\t\t<\/div>\n\t\t\t<\/div>\n\t\t<\/div>\n\t\t\t\t<div class=\"elementor-element elementor-element-ba74515 elementor-column elementor-col-50 elementor-top-column\" data-id=\"ba74515\" data-element_type=\"column\">\n\t\t\t<div class=\"elementor-column-wrap  elementor-element-populated\">\n\t\t\t\t\t<div class=\"elementor-widget-wrap\">\n\t\t\t\t<div class=\"elementor-element elementor-element-e439b91 elementor-widget elementor-widget-text-editor\" data-id=\"e439b91\" data-element_type=\"widget\" data-widget_type=\"text-editor.default\">\n\t\t\t\t<div class=\"elementor-widget-container\">\n\t\t\t\t\t<div class=\"elementor-text-editor elementor-clearfix\"><h2 style=\"text-align: center;\"><span style=\"color: #0000ff;\">POR QU\u00c9 ELEGIRNOS<\/span><\/h2><p>\u00a0<\/p><h3 style=\"text-align: center;\"><span style=\"color: #000000;\"><strong>SERVICIO GARANTIZADO<\/strong><\/span><\/h3><h3 style=\"text-align: center;\"><strong style=\"color: #000000; text-align: center;\">TRATO GARANTIZADO<\/strong><\/h3><h3 style=\"text-align: center;\"><strong style=\"color: #000000; text-align: center;\">PRODUCTOS GARANTIZADOS<\/strong><\/h3><\/div>\n\t\t\t\t<\/div>\n\t\t\t\t<\/div>\n\t\t\t\t\t\t<\/div>\n\t\t\t<\/div>\n\t\t<\/div>\n\t\t\t\t\t\t<\/div>\n\t\t\t<\/div>\n\t\t<\/section>\n\t\t\t\t\t\t<\/div>\n\t\t\t<\/div>\n\t\t<\/div>\n\t\t","protected":false},"excerpt":{"rendered":"<p>NUESTRA EMPRESA Nos permitimos ponernos a su disposici\u00f3n como empresa fundada por personal con m\u00e1s de 10 a\u00f1os de experiencia en el sector del control de plagas, actividad que realizamos conforme al c\u00f3digo de buenas pr\u00e1cticas seg\u00fan establece la norma UNE-EN 16636:2015 Nuestra empresa, debidamente registrada y autorizada para emitir las certificaciones sanitarias oportunas, dispone&hellip;&nbsp;<a href=\"https:\/\/fumigania.com\/?page_id=23\" class=\"\" rel=\"bookmark\">Leer m\u00e1s &raquo;<span class=\"screen-reader-text\">QUIENES SOMOS<\/span><\/a><\/p>\n","protected":false},"author":1,"featured_media":0,"parent":0,"menu_order":0,"comment_status":"closed","ping_status":"closed","template":"elementor_header_footer","meta":{"footnotes":""},"class_list":["post-23","page","type-page","status-publish","hentry"],"_links":{"self":[{"href":"https:\/\/fumigania.com\/index.php?rest_route=\/wp\/v2\/pages\/23","targetHints":{"allow":["GET"]}}],"collection":[{"href":"https:\/\/fumigania.com\/index.php?rest_route=\/wp\/v2\/pages"}],"about":[{"href":"https:\/\/fumigania.com\/index.php?rest_route=\/wp\/v2\/types\/page"}],"author":[{"embeddable":true,"href":"https:\/\/fumigania.com\/index.php?rest_route=\/wp\/v2\/users\/1"}],"replies":[{"embeddable":true,"href":"https:\/\/fumigania.com\/index.php?rest_route=%2Fwp%2Fv2%2Fcomments&post=23"}],"version-history":[{"count":6,"href":"https:\/\/fumigania.com\/index.php?rest_route=\/wp\/v2\/pages\/23\/revisions"}],"predecessor-version":[{"id":585,"href":"https:\/\/fumigania.com\/index.php?rest_route=\/wp\/v2\/pages\/23\/revisions\/585"}],"wp:attachment":[{"href":"https:\/\/fumigania.com\/index.php?rest_route=%2Fwp%2Fv2%2Fmedia&parent=23"}],"curies":[{"name":"wp","href":"https:\/\/api.w.org\/{rel}","templated":true}]}}